{"id":18,"date":"2024-04-08T14:15:51","date_gmt":"2024-04-08T14:15:51","guid":{"rendered":"https:\/\/grandesorgues.ch\/?page_id=18"},"modified":"2025-10-27T09:13:21","modified_gmt":"2025-10-27T09:13:21","slug":"visite-de-lorgue","status":"publish","type":"page","link":"https:\/\/grandesorgues.ch\/?page_id=18","title":{"rendered":"Visite de l&rsquo;Orgue"},"content":{"rendered":"\t\t<div data-elementor-type=\"wp-page\" data-elementor-id=\"18\" class=\"elementor elementor-18\">\n\t\t\t\t<div class=\"elementor-element elementor-element-4aeb844 e-flex e-con-boxed e-con e-parent\" data-id=\"4aeb844\" data-element_type=\"container\" data-e-type=\"container\">\n\t\t\t\t\t<div class=\"e-con-inner\">\n\t\t<div class=\"elementor-element elementor-element-b9a45fe e-con-full e-flex e-con e-child\" data-id=\"b9a45fe\" data-element_type=\"container\" data-e-type=\"container\">\n\t\t<div class=\"elementor-element elementor-element-2d583d2 e-con-full e-flex e-con e-child\" data-id=\"2d583d2\" data-element_type=\"container\" data-e-type=\"container\">\n\t\t\t\t<div class=\"elementor-element elementor-element-ac9c473 elementor-drop-cap-yes elementor-drop-cap-view-default elementor-widget elementor-widget-text-editor\" data-id=\"ac9c473\" data-element_type=\"widget\" data-e-type=\"widget\" data-settings=\"{&quot;drop_cap&quot;:&quot;yes&quot;}\" data-widget_type=\"text-editor.default\">\n\t\t\t\t<div class=\"elementor-widget-container\">\n\t\t\t\t\t\t\t\t\t<div id=\"contenu_visiter\"><h1>Vous pouvez organiser une visite priv\u00e9e des grandes orgues, ou un concert priv\u00e9 dans la plus grande cath\u00e9drale gothique de Suisse :<\/h1><\/div>\t\t\t\t\t\t\t\t<\/div>\n\t\t\t\t<\/div>\n\t\t\t\t<\/div>\n\t\t<div class=\"elementor-element elementor-element-2c16c17 e-con-full e-flex e-con e-child\" data-id=\"2c16c17\" data-element_type=\"container\" data-e-type=\"container\">\n\t\t\t\t<div class=\"elementor-element elementor-element-2448b3e elementor-widget elementor-widget-text-editor\" data-id=\"2448b3e\" data-element_type=\"widget\" data-e-type=\"widget\" data-widget_type=\"text-editor.default\">\n\t\t\t\t<div class=\"elementor-widget-container\">\n\t\t\t\t\t\t\t\t\t<ul><li><span class=\"beige_gras\" style=\"color: #a3785b;\"><b>Un r\u00e9cital<\/b><\/span> pour 500 personnes au maximum, incluant (si souhait\u00e9e) une pr\u00e9sentation et une visite de l\u2019instrument avant ou apr\u00e8s le concert. Le programme est d\u00e9termin\u00e9 d&rsquo;entente avec les organisateurs.<\/li><li><span class=\"beige_gras\" style=\"color: #a3785b;\"><b>Une visite<\/b><\/span>\u00a0comment\u00e9e de l\u2019instrument &#8211; Maximum 50 personnes.<br \/>Dur\u00e9e de la visite : 60 \u2013 75 mn. Visite en 3 langues \u00e0 choix (\ud83c\uddeb\ud83c\uddf7, \ud83c\uddec\ud83c\udde7, \ud83c\udde9\ud83c\uddea).<\/li><\/ul>\t\t\t\t\t\t\t\t<\/div>\n\t\t\t\t<\/div>\n\t\t\t\t<div class=\"elementor-element elementor-element-f365c79 elementor-widget elementor-widget-text-editor\" data-id=\"f365c79\" data-element_type=\"widget\" data-e-type=\"widget\" data-widget_type=\"text-editor.default\">\n\t\t\t\t<div class=\"elementor-widget-container\">\n\t\t\t\t\t\t\t\t\t<p>Les nouvelles orgues de la Cath\u00e9drale de Lausanne, inaugur\u00e9es en d\u00e9cembre 2003, constituent une prouesse musicale et technologique :<\/p><ul><li>dix ans d\u2019\u00e9tude et de r\u00e9alisation, deux concours internationaux,<\/li><li>7&rsquo;396 tuyaux, 5 claviers et p\u00e9dalier, deux consoles,<\/li><li>le premier orgue au monde \u00e0 avoir \u00e9t\u00e9 dessin\u00e9 par un designer (Giugiaro),<\/li><li>le premier orgue \u00e0 contenir les 4 principaux styles de la facture d\u2019orgues (classique et symphonique fran\u00e7ais, baroque et romantique allemands),<\/li><li>une r\u00e9alisation internationale avec des entreprises de Suisse, des Etats-Unis, du Canada, d\u2019Italie, d\u2019Angleterre et d\u2019Allemagne qui ont particip\u00e9 \u00e0 sa construction,<\/li><li>un co\u00fbt total de plus de cinq millions de francs,<\/li><li>150 000 heures de travail,<\/li><li>le premier instrument construit par une manufacture am\u00e9ricaine (Fisk) dans une cath\u00e9drale en Europe.<\/li><\/ul>\t\t\t\t\t\t\t\t<\/div>\n\t\t\t\t<\/div>\n\t\t\t\t<\/div>\n\t\t\t\t<\/div>\n\t\t<div class=\"elementor-element elementor-element-031eb13 e-con-full e-flex e-con e-child\" data-id=\"031eb13\" data-element_type=\"container\" data-e-type=\"container\">\n\t\t\t\t<div class=\"elementor-element elementor-element-f86c61c elementor-widget elementor-widget-image\" data-id=\"f86c61c\" data-element_type=\"widget\" data-e-type=\"widget\" data-widget_type=\"image.default\">\n\t\t\t\t<div class=\"elementor-widget-container\">\n\t\t\t\t\t\t\t\t\t\t\t\t\t\t\t<img fetchpriority=\"high\" decoding=\"async\" width=\"681\" height=\"1024\" src=\"https:\/\/grandesorgues.ch\/wp-content\/uploads\/2024\/12\/orgues21g-681x1024.jpg\" class=\"attachment-large size-large wp-image-4398\" alt=\"\" srcset=\"https:\/\/grandesorgues.ch\/wp-content\/uploads\/2024\/12\/orgues21g-681x1024.jpg 681w, https:\/\/grandesorgues.ch\/wp-content\/uploads\/2024\/12\/orgues21g-200x300.jpg 200w, https:\/\/grandesorgues.ch\/wp-content\/uploads\/2024\/12\/orgues21g-768x1154.jpg 768w, https:\/\/grandesorgues.ch\/wp-content\/uploads\/2024\/12\/orgues21g-1022x1536.jpg 1022w, https:\/\/grandesorgues.ch\/wp-content\/uploads\/2024\/12\/orgues21g-1363x2048.jpg 1363w, https:\/\/grandesorgues.ch\/wp-content\/uploads\/2024\/12\/orgues21g-8x12.jpg 8w, https:\/\/grandesorgues.ch\/wp-content\/uploads\/2024\/12\/orgues21g-scaled.jpg 1703w\" sizes=\"(max-width: 681px) 100vw, 681px\" \/>\t\t\t\t\t\t\t\t\t\t\t\t\t\t\t<\/div>\n\t\t\t\t<\/div>\n\t\t\t\t<\/div>\n\t\t\t\t\t<\/div>\n\t\t\t\t<\/div>\n\t\t<div class=\"elementor-element elementor-element-765b654 e-flex e-con-boxed e-con e-parent\" data-id=\"765b654\" data-element_type=\"container\" data-e-type=\"container\">\n\t\t\t\t\t<div class=\"e-con-inner\">\n\t\t\t\t<div class=\"elementor-element elementor-element-f70816c elementor-widget elementor-widget-text-editor\" data-id=\"f70816c\" data-element_type=\"widget\" data-e-type=\"widget\" data-widget_type=\"text-editor.default\">\n\t\t\t\t<div class=\"elementor-widget-container\">\n\t\t\t\t\t\t\t\t\tPour organiser votre visite, merci d\u2019envoyer un e-mail avec vos coordonn\u00e9es \u00e0 l\u2019adresse suivante : <strong><span style=\"color: #993300;\"><a style=\"color: #993300;\" href=\"mailto:jc******@*****il.com\" data-original-string=\"NMxsE1ZSvJf6q9rM6xTrKw==247OLyDsBipaitaj8DutOQ3sk2QvrUoTOnA2le176EyGB8=\" title=\"This contact has been encoded by Anti-Spam by CleanTalk. Click to decode. To finish the decoding make sure that JavaScript is enabled in your browser.\"><span \n                data-original-string='\/9y4AQ1Jt0IlR16Bt04Gag==247Z77kcbzXEALDsnTmHf+dM6VyuVRaCZ0+ex9Ya+RAsqo='\n                class='apbct-email-encoder'\n                title='This contact has been encoded by Anti-Spam by CleanTalk. Click to decode. To finish the decoding make sure that JavaScript is enabled in your browser.'>jc<span class=\"apbct-blur\">******<\/span>@<span class=\"apbct-blur\">*****<\/span>il.com<\/span><\/a><\/span><\/strong>\t\t\t\t\t\t\t\t<\/div>\n\t\t\t\t<\/div>\n\t\t\t\t\t<\/div>\n\t\t\t\t<\/div>\n\t\t\t\t<\/div>\n\t\t","protected":false},"excerpt":{"rendered":"<p>Vous pouvez organiser une visite priv\u00e9e des grandes orgues, ou un concert priv\u00e9 dans la plus grande cath\u00e9drale gothique de Suisse : Un r\u00e9cital pour 500 personnes au maximum, incluant (si souhait\u00e9e) une pr\u00e9sentation et une visite de l\u2019instrument avant ou apr\u00e8s le concert. Le programme est d\u00e9termin\u00e9 d&rsquo;entente avec les organisateurs. Une visite\u00a0comment\u00e9e de [&hellip;]<\/p>\n","protected":false},"author":1,"featured_media":0,"parent":0,"menu_order":0,"comment_status":"closed","ping_status":"closed","template":"","meta":{"footnotes":""},"class_list":["post-18","page","type-page","status-publish","hentry"],"yoast_head":"<!-- This site is optimized with the Yoast SEO plugin v27.4 - https:\/\/yoast.com\/product\/yoast-seo-wordpress\/ -->\n<title>Visite de l&rsquo;Orgue - Les Grandes ORGUES<\/title>\n<meta name=\"robots\" content=\"index, follow, max-snippet:-1, max-image-preview:large, max-video-preview:-1\" \/>\n<link rel=\"canonical\" href=\"https:\/\/grandesorgues.ch\/?page_id=18\" \/>\n<meta property=\"og:locale\" content=\"fr_FR\" \/>\n<meta property=\"og:type\" content=\"article\" \/>\n<meta property=\"og:title\" content=\"Visite de l&rsquo;Orgue - Les Grandes ORGUES\" \/>\n<meta property=\"og:description\" content=\"Vous pouvez organiser une visite priv\u00e9e des grandes orgues, ou un concert priv\u00e9 dans la plus grande cath\u00e9drale gothique de Suisse : Un r\u00e9cital pour 500 personnes au maximum, incluant (si souhait\u00e9e) une pr\u00e9sentation et une visite de l\u2019instrument avant ou apr\u00e8s le concert. Le programme est d\u00e9termin\u00e9 d&rsquo;entente avec les organisateurs. Une visite\u00a0comment\u00e9e de [&hellip;]\" \/>\n<meta property=\"og:url\" content=\"https:\/\/grandesorgues.ch\/?page_id=18\" \/>\n<meta property=\"og:site_name\" content=\"Les Grandes ORGUES\" \/>\n<meta property=\"article:publisher\" content=\"https:\/\/www.facebook.com\/profile.php?id=61561652917667\" \/>\n<meta property=\"article:modified_time\" content=\"2025-10-27T09:13:21+00:00\" \/>\n<meta property=\"og:image\" content=\"https:\/\/grandesorgues.ch\/wp-content\/uploads\/2024\/12\/orgues21g-scaled.jpg\" \/>\n\t<meta property=\"og:image:width\" content=\"1703\" \/>\n\t<meta property=\"og:image:height\" content=\"2560\" \/>\n\t<meta property=\"og:image:type\" content=\"image\/jpeg\" \/>\n<meta name=\"twitter:card\" content=\"summary_large_image\" \/>\n<meta name=\"twitter:label1\" content=\"Dur\u00e9e de lecture estim\u00e9e\" \/>\n\t<meta name=\"twitter:data1\" content=\"2 minutes\" \/>\n<script type=\"application\/ld+json\" class=\"yoast-schema-graph\">{\"@context\":\"https:\\\/\\\/schema.org\",\"@graph\":[{\"@type\":\"WebPage\",\"@id\":\"https:\\\/\\\/grandesorgues.ch\\\/?page_id=18\",\"url\":\"https:\\\/\\\/grandesorgues.ch\\\/?page_id=18\",\"name\":\"Visite de l&rsquo;Orgue - Les Grandes ORGUES\",\"isPartOf\":{\"@id\":\"https:\\\/\\\/grandesorgues.ch\\\/#website\"},\"primaryImageOfPage\":{\"@id\":\"https:\\\/\\\/grandesorgues.ch\\\/?page_id=18#primaryimage\"},\"image\":{\"@id\":\"https:\\\/\\\/grandesorgues.ch\\\/?page_id=18#primaryimage\"},\"thumbnailUrl\":\"https:\\\/\\\/grandesorgues.ch\\\/wp-content\\\/uploads\\\/2024\\\/12\\\/orgues21g-681x1024.jpg\",\"datePublished\":\"2024-04-08T14:15:51+00:00\",\"dateModified\":\"2025-10-27T09:13:21+00:00\",\"breadcrumb\":{\"@id\":\"https:\\\/\\\/grandesorgues.ch\\\/?page_id=18#breadcrumb\"},\"inLanguage\":\"fr-FR\",\"potentialAction\":[{\"@type\":\"ReadAction\",\"target\":[\"https:\\\/\\\/grandesorgues.ch\\\/?page_id=18\"]}]},{\"@type\":\"ImageObject\",\"inLanguage\":\"fr-FR\",\"@id\":\"https:\\\/\\\/grandesorgues.ch\\\/?page_id=18#primaryimage\",\"url\":\"https:\\\/\\\/grandesorgues.ch\\\/wp-content\\\/uploads\\\/2024\\\/12\\\/orgues21g-scaled.jpg\",\"contentUrl\":\"https:\\\/\\\/grandesorgues.ch\\\/wp-content\\\/uploads\\\/2024\\\/12\\\/orgues21g-scaled.jpg\",\"width\":1703,\"height\":2560},{\"@type\":\"BreadcrumbList\",\"@id\":\"https:\\\/\\\/grandesorgues.ch\\\/?page_id=18#breadcrumb\",\"itemListElement\":[{\"@type\":\"ListItem\",\"position\":1,\"name\":\"Accueil\",\"item\":\"https:\\\/\\\/grandesorgues.ch\\\/\"},{\"@type\":\"ListItem\",\"position\":2,\"name\":\"Visite de l&rsquo;Orgue\"}]},{\"@type\":\"WebSite\",\"@id\":\"https:\\\/\\\/grandesorgues.ch\\\/#website\",\"url\":\"https:\\\/\\\/grandesorgues.ch\\\/\",\"name\":\"Les Grandes ORGUES\",\"description\":\"\",\"publisher\":{\"@id\":\"https:\\\/\\\/grandesorgues.ch\\\/#organization\"},\"potentialAction\":[{\"@type\":\"SearchAction\",\"target\":{\"@type\":\"EntryPoint\",\"urlTemplate\":\"https:\\\/\\\/grandesorgues.ch\\\/?s={search_term_string}\"},\"query-input\":{\"@type\":\"PropertyValueSpecification\",\"valueRequired\":true,\"valueName\":\"search_term_string\"}}],\"inLanguage\":\"fr-FR\"},{\"@type\":\"Organization\",\"@id\":\"https:\\\/\\\/grandesorgues.ch\\\/#organization\",\"name\":\"Les Grandes ORGUES\",\"url\":\"https:\\\/\\\/grandesorgues.ch\\\/\",\"logo\":{\"@type\":\"ImageObject\",\"inLanguage\":\"fr-FR\",\"@id\":\"https:\\\/\\\/grandesorgues.ch\\\/#\\\/schema\\\/logo\\\/image\\\/\",\"url\":\"https:\\\/\\\/grandesorgues.ch\\\/wp-content\\\/uploads\\\/2023\\\/08\\\/cropped-logo-CDL.png\",\"contentUrl\":\"https:\\\/\\\/grandesorgues.ch\\\/wp-content\\\/uploads\\\/2023\\\/08\\\/cropped-logo-CDL.png\",\"width\":512,\"height\":512,\"caption\":\"Les Grandes ORGUES\"},\"image\":{\"@id\":\"https:\\\/\\\/grandesorgues.ch\\\/#\\\/schema\\\/logo\\\/image\\\/\"},\"sameAs\":[\"https:\\\/\\\/www.facebook.com\\\/profile.php?id=61561652917667\"]}]}<\/script>\n<!-- \/ Yoast SEO plugin. -->","yoast_head_json":{"title":"Visite de l&rsquo;Orgue - Les Grandes ORGUES","robots":{"index":"index","follow":"follow","max-snippet":"max-snippet:-1","max-image-preview":"max-image-preview:large","max-video-preview":"max-video-preview:-1"},"canonical":"https:\/\/grandesorgues.ch\/?page_id=18","og_locale":"fr_FR","og_type":"article","og_title":"Visite de l&rsquo;Orgue - Les Grandes ORGUES","og_description":"Vous pouvez organiser une visite priv\u00e9e des grandes orgues, ou un concert priv\u00e9 dans la plus grande cath\u00e9drale gothique de Suisse : Un r\u00e9cital pour 500 personnes au maximum, incluant (si souhait\u00e9e) une pr\u00e9sentation et une visite de l\u2019instrument avant ou apr\u00e8s le concert. Le programme est d\u00e9termin\u00e9 d&rsquo;entente avec les organisateurs. Une visite\u00a0comment\u00e9e de [&hellip;]","og_url":"https:\/\/grandesorgues.ch\/?page_id=18","og_site_name":"Les Grandes ORGUES","article_publisher":"https:\/\/www.facebook.com\/profile.php?id=61561652917667","article_modified_time":"2025-10-27T09:13:21+00:00","og_image":[{"width":1703,"height":2560,"url":"https:\/\/grandesorgues.ch\/wp-content\/uploads\/2024\/12\/orgues21g-scaled.jpg","type":"image\/jpeg"}],"twitter_card":"summary_large_image","twitter_misc":{"Dur\u00e9e de lecture estim\u00e9e":"2 minutes"},"schema":{"@context":"https:\/\/schema.org","@graph":[{"@type":"WebPage","@id":"https:\/\/grandesorgues.ch\/?page_id=18","url":"https:\/\/grandesorgues.ch\/?page_id=18","name":"Visite de l&rsquo;Orgue - Les Grandes ORGUES","isPartOf":{"@id":"https:\/\/grandesorgues.ch\/#website"},"primaryImageOfPage":{"@id":"https:\/\/grandesorgues.ch\/?page_id=18#primaryimage"},"image":{"@id":"https:\/\/grandesorgues.ch\/?page_id=18#primaryimage"},"thumbnailUrl":"https:\/\/grandesorgues.ch\/wp-content\/uploads\/2024\/12\/orgues21g-681x1024.jpg","datePublished":"2024-04-08T14:15:51+00:00","dateModified":"2025-10-27T09:13:21+00:00","breadcrumb":{"@id":"https:\/\/grandesorgues.ch\/?page_id=18#breadcrumb"},"inLanguage":"fr-FR","potentialAction":[{"@type":"ReadAction","target":["https:\/\/grandesorgues.ch\/?page_id=18"]}]},{"@type":"ImageObject","inLanguage":"fr-FR","@id":"https:\/\/grandesorgues.ch\/?page_id=18#primaryimage","url":"https:\/\/grandesorgues.ch\/wp-content\/uploads\/2024\/12\/orgues21g-scaled.jpg","contentUrl":"https:\/\/grandesorgues.ch\/wp-content\/uploads\/2024\/12\/orgues21g-scaled.jpg","width":1703,"height":2560},{"@type":"BreadcrumbList","@id":"https:\/\/grandesorgues.ch\/?page_id=18#breadcrumb","itemListElement":[{"@type":"ListItem","position":1,"name":"Accueil","item":"https:\/\/grandesorgues.ch\/"},{"@type":"ListItem","position":2,"name":"Visite de l&rsquo;Orgue"}]},{"@type":"WebSite","@id":"https:\/\/grandesorgues.ch\/#website","url":"https:\/\/grandesorgues.ch\/","name":"Les Grandes ORGUES","description":"","publisher":{"@id":"https:\/\/grandesorgues.ch\/#organization"},"potentialAction":[{"@type":"SearchAction","target":{"@type":"EntryPoint","urlTemplate":"https:\/\/grandesorgues.ch\/?s={search_term_string}"},"query-input":{"@type":"PropertyValueSpecification","valueRequired":true,"valueName":"search_term_string"}}],"inLanguage":"fr-FR"},{"@type":"Organization","@id":"https:\/\/grandesorgues.ch\/#organization","name":"Les Grandes ORGUES","url":"https:\/\/grandesorgues.ch\/","logo":{"@type":"ImageObject","inLanguage":"fr-FR","@id":"https:\/\/grandesorgues.ch\/#\/schema\/logo\/image\/","url":"https:\/\/grandesorgues.ch\/wp-content\/uploads\/2023\/08\/cropped-logo-CDL.png","contentUrl":"https:\/\/grandesorgues.ch\/wp-content\/uploads\/2023\/08\/cropped-logo-CDL.png","width":512,"height":512,"caption":"Les Grandes ORGUES"},"image":{"@id":"https:\/\/grandesorgues.ch\/#\/schema\/logo\/image\/"},"sameAs":["https:\/\/www.facebook.com\/profile.php?id=61561652917667"]}]}},"_links":{"self":[{"href":"https:\/\/grandesorgues.ch\/index.php?rest_route=\/wp\/v2\/pages\/18","targetHints":{"allow":["GET"]}}],"collection":[{"href":"https:\/\/grandesorgues.ch\/index.php?rest_route=\/wp\/v2\/pages"}],"about":[{"href":"https:\/\/grandesorgues.ch\/index.php?rest_route=\/wp\/v2\/types\/page"}],"author":[{"embeddable":true,"href":"https:\/\/grandesorgues.ch\/index.php?rest_route=\/wp\/v2\/users\/1"}],"replies":[{"embeddable":true,"href":"https:\/\/grandesorgues.ch\/index.php?rest_route=%2Fwp%2Fv2%2Fcomments&post=18"}],"version-history":[{"count":61,"href":"https:\/\/grandesorgues.ch\/index.php?rest_route=\/wp\/v2\/pages\/18\/revisions"}],"predecessor-version":[{"id":7155,"href":"https:\/\/grandesorgues.ch\/index.php?rest_route=\/wp\/v2\/pages\/18\/revisions\/7155"}],"wp:attachment":[{"href":"https:\/\/grandesorgues.ch\/index.php?rest_route=%2Fwp%2Fv2%2Fmedia&parent=18"}],"curies":[{"name":"wp","href":"https:\/\/api.w.org\/{rel}","templated":true}]}}