{"id":4675,"date":"2024-12-06T15:48:27","date_gmt":"2024-12-06T15:48:27","guid":{"rendered":"https:\/\/grandesorgues.ch\/?page_id=4675"},"modified":"2026-02-09T09:37:45","modified_gmt":"2026-02-09T09:37:45","slug":"commande","status":"publish","type":"page","link":"https:\/\/grandesorgues.ch\/?page_id=4675","title":{"rendered":"Commande"},"content":{"rendered":"\t\t<div data-elementor-type=\"wp-page\" data-elementor-id=\"4675\" class=\"elementor elementor-4675\">\n\t\t\t\t<div class=\"elementor-element elementor-element-2fc2669 e-flex e-con-boxed e-con e-parent\" data-id=\"2fc2669\" data-element_type=\"container\" data-e-type=\"container\">\n\t\t\t\t\t<div class=\"e-con-inner\">\n\t\t\t\t<div class=\"elementor-element elementor-element-ec26f7c elementor-widget elementor-widget-shortcode\" data-id=\"ec26f7c\" data-element_type=\"widget\" data-e-type=\"widget\" data-widget_type=\"shortcode.default\">\n\t\t\t\t<div class=\"elementor-widget-container\">\n\t\t\t\t\t\t\t<div class=\"elementor-shortcode\">  \n  \n  <div class=\"\n    mailpoet_form_popup_overlay\n      \"><\/div>\n  <div\n    id=\"mailpoet_form_5\"\n    class=\"\n      mailpoet_form\n      mailpoet_form_shortcode\n      mailpoet_form_position_\n      mailpoet_form_animation_\n    \"\n      >\n\n    <style type=\"text\/css\">\n     #mailpoet_form_5 .mailpoet_form {  }\n#mailpoet_form_5 .mailpoet_column_with_background { padding: 10px; }\n#mailpoet_form_5 .mailpoet_form_column:not(:first-child) { margin-left: 20px; }\n#mailpoet_form_5 .mailpoet_paragraph { line-height: 20px; margin-bottom: 20px; }\n#mailpoet_form_5 .mailpoet_segment_label, #mailpoet_form_5 .mailpoet_text_label, #mailpoet_form_5 .mailpoet_textarea_label, #mailpoet_form_5 .mailpoet_select_label, #mailpoet_form_5 .mailpoet_radio_label, #mailpoet_form_5 .mailpoet_checkbox_label, #mailpoet_form_5 .mailpoet_list_label, #mailpoet_form_5 .mailpoet_date_label { display: block; font-weight: normal; }\n#mailpoet_form_5 .mailpoet_text, #mailpoet_form_5 .mailpoet_textarea, #mailpoet_form_5 .mailpoet_select, #mailpoet_form_5 .mailpoet_date_month, #mailpoet_form_5 .mailpoet_date_day, #mailpoet_form_5 .mailpoet_date_year, #mailpoet_form_5 .mailpoet_date { display: block; }\n#mailpoet_form_5 .mailpoet_text, #mailpoet_form_5 .mailpoet_textarea { width: 200px; }\n#mailpoet_form_5 .mailpoet_checkbox {  }\n#mailpoet_form_5 .mailpoet_submit {  }\n#mailpoet_form_5 .mailpoet_divider {  }\n#mailpoet_form_5 .mailpoet_message {  }\n#mailpoet_form_5 .mailpoet_form_loading { width: 30px; text-align: center; line-height: normal; }\n#mailpoet_form_5 .mailpoet_form_loading > span { width: 5px; height: 5px; background-color: #5b5b5b; }#mailpoet_form_5{border-radius: 0px;text-align: left;}#mailpoet_form_5 form.mailpoet_form {padding: 20px;}#mailpoet_form_5{width: 100%;}#mailpoet_form_5 .mailpoet_message {margin: 0; padding: 0 20px;}#mailpoet_form_5 .mailpoet_paragraph.last {margin-bottom: 0} @media (max-width: 500px) {#mailpoet_form_5 {background-image: none;}} @media (min-width: 500px) {#mailpoet_form_5 .last .mailpoet_paragraph:last-child {margin-bottom: 0}}  @media (max-width: 500px) {#mailpoet_form_5 .mailpoet_form_column:last-child .mailpoet_paragraph:last-child {margin-bottom: 0}} \n    <\/style>\n\n    <form\n      target=\"_self\"\n      method=\"post\"\n      action=\"https:\/\/grandesorgues.ch\/wp-admin\/admin-post.php?action=mailpoet_subscription_form\"\n      class=\"mailpoet_form mailpoet_form_form mailpoet_form_shortcode\"\n      novalidate\n      data-delay=\"\"\n      data-exit-intent-enabled=\"\"\n      data-font-family=\"\"\n      data-cookie-expiration-time=\"\"\n    >\n      <input type=\"hidden\" name=\"data[form_id]\" value=\"5\" \/>\n      <input type=\"hidden\" name=\"token\" value=\"da051449f8\" \/>\n      <input type=\"hidden\" name=\"api_version\" value=\"v1\" \/>\n      <input type=\"hidden\" name=\"endpoint\" value=\"subscribers\" \/>\n      <input type=\"hidden\" name=\"mailpoet_method\" value=\"subscribe\" \/>\n\n      <label class=\"mailpoet_hp_email_label\" style=\"display: none !important;\">Veuillez laisser ce champ vide<input type=\"email\" name=\"data[email]\"\/><\/label><div class=\"mailpoet_paragraph \"><input type=\"text\" autocomplete=\"given-name\" class=\"mailpoet_text\" id=\"form_first_name_5\" name=\"data[form_field_ZTg3MDM5N2QxMTdhX2ZpcnN0X25hbWU=]\" title=\"Pr\u00e9nom\" value=\"\" style=\"width:100%;box-sizing:border-box;padding:5px;margin: 0 auto 0 0;\" data-automation-id=\"form_first_name\"  placeholder=\"Pr\u00e9nom *\" aria-label=\"Pr\u00e9nom *\" data-parsley-errors-container=\".mailpoet_error_11gzw\" data-parsley-names='[&quot;Veuillez sp\u00e9cifier un nom valide.&quot;,&quot;Les adresses dans les noms ne sont pas autoris\u00e9es, veuillez ajouter votre nom \u00e0 la place.&quot;]' data-parsley-required=\"true\" required aria-required=\"true\" data-parsley-required-message=\"Ce champ est n\u00e9cessaire.\"\/><span class=\"mailpoet_error_11gzw\"><\/span><\/div>\n<div class=\"mailpoet_paragraph \"><input type=\"text\" autocomplete=\"family-name\" class=\"mailpoet_text\" id=\"form_last_name_5\" name=\"data[form_field_MDBlNDM0NTExNzIzX2xhc3RfbmFtZQ==]\" title=\"Nom\" value=\"\" style=\"width:100%;box-sizing:border-box;padding:5px;margin: 0 auto 0 0;\" data-automation-id=\"form_last_name\"  placeholder=\"Nom *\" aria-label=\"Nom *\" data-parsley-errors-container=\".mailpoet_error_12pbe\" data-parsley-names='[&quot;Veuillez sp\u00e9cifier un nom valide.&quot;,&quot;Les adresses dans les noms ne sont pas autoris\u00e9es, veuillez ajouter votre nom \u00e0 la place.&quot;]' data-parsley-required=\"true\" required aria-required=\"true\" data-parsley-required-message=\"Ce champ est n\u00e9cessaire.\"\/><span class=\"mailpoet_error_12pbe\"><\/span><\/div>\n<div class=\"mailpoet_paragraph \"><input type=\"email\" autocomplete=\"email\" class=\"mailpoet_text\" id=\"form_email_5\" name=\"data[form_field_ZTVjYmI5Mzk1NDJiX2VtYWls]\" title=\"Adresse e-mail\" value=\"\" style=\"width:100%;box-sizing:border-box;padding:5px;margin: 0 auto 0 0;\" data-automation-id=\"form_email\"  placeholder=\"Adresse e-mail *\" aria-label=\"Adresse e-mail *\" data-parsley-errors-container=\".mailpoet_error_bqoxp\" data-parsley-required=\"true\" required aria-required=\"true\" data-parsley-minlength=\"6\" data-parsley-maxlength=\"150\" data-parsley-type-message=\"Cette valeur doit \u00eatre un e-mail valide.\" data-parsley-required-message=\"Ce champ est n\u00e9cessaire.\"\/><span class=\"mailpoet_error_bqoxp\"><\/span><\/div>\n<div class=\"mailpoet_paragraph \"><input type=\"text\" autocomplete=\"on\" class=\"mailpoet_text\" id=\"form_1_5\" name=\"data[cf_1]\" title=\"T\u00e9l\u00e9phone\" value=\"\" style=\"width:100%;box-sizing:border-box;padding:5px;margin: 0 auto 0 0;\"   placeholder=\"T\u00e9l\u00e9phone\" aria-label=\"T\u00e9l\u00e9phone\" data-parsley-errors-container=\".mailpoet_error_1pvet\" data-parsley-pattern=\"^[\\d\\+\\-\\.\\(\\)\\\/\\s]*$\" data-parsley-error-message=\"Veuillez sp\u00e9cifier un num\u00e9ro de t\u00e9l\u00e9phone valide.\"\/><span class=\"mailpoet_error_1pvet\"><\/span><\/div>\n<div class=\"mailpoet_paragraph \"><input type=\"text\" autocomplete=\"on\" class=\"mailpoet_text\" id=\"form_2_5\" name=\"data[cf_2]\" title=\"Rue\" value=\"\" style=\"width:100%;box-sizing:border-box;padding:5px;margin: 0 auto 0 0;\"   placeholder=\"Rue\" aria-label=\"Rue\" data-parsley-errors-container=\".mailpoet_error_1kesy\"\/><span class=\"mailpoet_error_1kesy\"><\/span><\/div>\n<div class=\"mailpoet_paragraph \"><input type=\"text\" autocomplete=\"on\" class=\"mailpoet_text\" id=\"form_3_5\" name=\"data[cf_3]\" title=\"Pays\" value=\"\" style=\"width:100%;box-sizing:border-box;padding:5px;margin: 0 auto 0 0;\"   placeholder=\"Pays *\" aria-label=\"Pays *\" data-parsley-errors-container=\".mailpoet_error_1v72v\" data-parsley-required=\"true\" required aria-required=\"true\" data-parsley-required-message=\"Ce champ est n\u00e9cessaire.\"\/><span class=\"mailpoet_error_1v72v\"><\/span><\/div>\n<div class=\"mailpoet_paragraph \"><select\n      class=\"mailpoet_select\"\n      name=\"data[cf_7]\" style=\"padding:5px;margin: 0 auto 0 0;\"><option value=\"\" disabled selected hidden>Shop<\/option><option value=\"TOCCATA &amp; LUX\">TOCCATA &amp; LUX<\/option><option value=\"TOCCATISSIMA\">TOCCATISSIMA<\/option><option value=\"l&#039;ORGUE \u00c0 4 VISAGES\">l&#039;ORGUE \u00c0 4 VISAGES<\/option><option value=\"LE R\u00c9CITAL INAUGURAL\">LE R\u00c9CITAL INAUGURAL<\/option><option value=\"BACH\">BACH<\/option><option value=\"Gothique Symphonie Passion\">Gothique Symphonie Passion<\/option><option value=\"Eternit\u00e9\">Eternit\u00e9<\/option><option value=\"Organ\">Organ<\/option><option value=\"Le nouvel orgue de la Cath\u00e9drale de Lausanne\">Le nouvel orgue de la Cath\u00e9drale de Lausanne<\/option><option value=\"L\u2019\u0153uvre pour et avec orgue\">L\u2019\u0153uvre pour et avec orgue<\/option><option value=\"Le Sermon de Ga\u00efa\">Le Sermon de Ga\u00efa<\/option><\/select><span class=\"mailpoet_error_1nj7q\"><\/span><\/div>\n<div class=\"mailpoet_recaptcha\" data-sitekey=\"6LfURUErAAAAAJOBLmPq4QvCXZtQdRzQd-d-Mm8P\" data-size=\"invisible\">\n      <div class=\"mailpoet_recaptcha_container\"><\/div>\n      <noscript>\n        <div>\n          <div class=\"mailpoet_recaptcha_noscript_container\">\n            <div>\n              <iframe src=\"https:\/\/www.google.com\/recaptcha\/api\/fallback?k=6LfURUErAAAAAJOBLmPq4QvCXZtQdRzQd-d-Mm8P\" frameborder=\"0\" scrolling=\"no\">\n              <\/iframe>\n            <\/div>\n          <\/div>\n          <div class=\"mailpoet_recaptcha_noscript_input\">\n            <textarea id=\"g-recaptcha-response\" name=\"data[recaptcha]\" class=\"g-recaptcha-response\">\n            <\/textarea>\n          <\/div>\n        <\/div>\n      <\/noscript>\n      <input class=\"mailpoet_recaptcha_field\" type=\"hidden\" name=\"recaptchaWidgetId\">\n    <\/div><div class=\"mailpoet_paragraph \"><input type=\"submit\" class=\"mailpoet_submit\" value=\"Je passe commande\" data-automation-id=\"subscribe-submit-button\" style=\"width:100%;box-sizing:border-box;padding:5px;margin: 0 auto 0 0;border-color:transparent;\" \/><span class=\"mailpoet_form_loading\"><span class=\"mailpoet_bounce1\"><\/span><span class=\"mailpoet_bounce2\"><\/span><span class=\"mailpoet_bounce3\"><\/span><\/span><\/div>\n\n      <div class=\"mailpoet_message\">\n        <p class=\"mailpoet_validate_success\"\n                style=\"display:none;\"\n                >V\u00e9rifiez votre boite de r\u00e9ception ou votre r\u00e9pertoire d\u2019ind\u00e9sirables pour confirmer votre commande.\n        <\/p>\n        <p class=\"mailpoet_validate_error\"\n                style=\"display:none;\"\n                >        <\/p>\n      <\/div>\n    <input\n                    class=\"apbct_special_field apbct_email_id__elementor_form\"\n                    name=\"apbct__email_id__elementor_form\"\n                    aria-label=\"apbct__label_id__elementor_form\"\n                    type=\"text\" size=\"30\" maxlength=\"200\" autocomplete=\"off\"\n                    value=\"\"\n                \/><\/form>\n\n      <\/div>\n\n  <\/div>\n\t\t\t\t\t\t<\/div>\n\t\t\t\t<\/div>\n\t\t\t\t\t<\/div>\n\t\t\t\t<\/div>\n\t\t\t\t<\/div>\n\t\t","protected":false},"excerpt":{"rendered":"","protected":false},"author":2,"featured_media":0,"parent":0,"menu_order":0,"comment_status":"closed","ping_status":"closed","template":"","meta":{"footnotes":""},"class_list":["post-4675","page","type-page","status-publish","hentry"],"yoast_head":"<!-- This site is optimized with the Yoast SEO plugin v27.4 - https:\/\/yoast.com\/product\/yoast-seo-wordpress\/ -->\n<title>Commande - Les Grandes ORGUES<\/title>\n<meta name=\"robots\" content=\"index, follow, max-snippet:-1, max-image-preview:large, max-video-preview:-1\" \/>\n<link rel=\"canonical\" href=\"https:\/\/grandesorgues.ch\/?page_id=4675\" \/>\n<meta property=\"og:locale\" content=\"fr_FR\" \/>\n<meta property=\"og:type\" content=\"article\" \/>\n<meta property=\"og:title\" content=\"Commande - Les Grandes ORGUES\" \/>\n<meta property=\"og:url\" content=\"https:\/\/grandesorgues.ch\/?page_id=4675\" \/>\n<meta property=\"og:site_name\" content=\"Les Grandes ORGUES\" \/>\n<meta property=\"article:publisher\" content=\"https:\/\/www.facebook.com\/profile.php?id=61561652917667\" \/>\n<meta property=\"article:modified_time\" content=\"2026-02-09T09:37:45+00:00\" \/>\n<meta name=\"twitter:card\" content=\"summary_large_image\" \/>\n<script type=\"application\/ld+json\" class=\"yoast-schema-graph\">{\"@context\":\"https:\\\/\\\/schema.org\",\"@graph\":[{\"@type\":\"WebPage\",\"@id\":\"https:\\\/\\\/grandesorgues.ch\\\/?page_id=4675\",\"url\":\"https:\\\/\\\/grandesorgues.ch\\\/?page_id=4675\",\"name\":\"Commande - Les Grandes ORGUES\",\"isPartOf\":{\"@id\":\"https:\\\/\\\/grandesorgues.ch\\\/#website\"},\"datePublished\":\"2024-12-06T15:48:27+00:00\",\"dateModified\":\"2026-02-09T09:37:45+00:00\",\"breadcrumb\":{\"@id\":\"https:\\\/\\\/grandesorgues.ch\\\/?page_id=4675#breadcrumb\"},\"inLanguage\":\"fr-FR\",\"potentialAction\":[{\"@type\":\"ReadAction\",\"target\":[\"https:\\\/\\\/grandesorgues.ch\\\/?page_id=4675\"]}]},{\"@type\":\"BreadcrumbList\",\"@id\":\"https:\\\/\\\/grandesorgues.ch\\\/?page_id=4675#breadcrumb\",\"itemListElement\":[{\"@type\":\"ListItem\",\"position\":1,\"name\":\"Accueil\",\"item\":\"https:\\\/\\\/grandesorgues.ch\\\/\"},{\"@type\":\"ListItem\",\"position\":2,\"name\":\"Commande\"}]},{\"@type\":\"WebSite\",\"@id\":\"https:\\\/\\\/grandesorgues.ch\\\/#website\",\"url\":\"https:\\\/\\\/grandesorgues.ch\\\/\",\"name\":\"Les Grandes ORGUES\",\"description\":\"\",\"publisher\":{\"@id\":\"https:\\\/\\\/grandesorgues.ch\\\/#organization\"},\"potentialAction\":[{\"@type\":\"SearchAction\",\"target\":{\"@type\":\"EntryPoint\",\"urlTemplate\":\"https:\\\/\\\/grandesorgues.ch\\\/?s={search_term_string}\"},\"query-input\":{\"@type\":\"PropertyValueSpecification\",\"valueRequired\":true,\"valueName\":\"search_term_string\"}}],\"inLanguage\":\"fr-FR\"},{\"@type\":\"Organization\",\"@id\":\"https:\\\/\\\/grandesorgues.ch\\\/#organization\",\"name\":\"Les Grandes ORGUES\",\"url\":\"https:\\\/\\\/grandesorgues.ch\\\/\",\"logo\":{\"@type\":\"ImageObject\",\"inLanguage\":\"fr-FR\",\"@id\":\"https:\\\/\\\/grandesorgues.ch\\\/#\\\/schema\\\/logo\\\/image\\\/\",\"url\":\"https:\\\/\\\/grandesorgues.ch\\\/wp-content\\\/uploads\\\/2023\\\/08\\\/cropped-logo-CDL.png\",\"contentUrl\":\"https:\\\/\\\/grandesorgues.ch\\\/wp-content\\\/uploads\\\/2023\\\/08\\\/cropped-logo-CDL.png\",\"width\":512,\"height\":512,\"caption\":\"Les Grandes ORGUES\"},\"image\":{\"@id\":\"https:\\\/\\\/grandesorgues.ch\\\/#\\\/schema\\\/logo\\\/image\\\/\"},\"sameAs\":[\"https:\\\/\\\/www.facebook.com\\\/profile.php?id=61561652917667\"]}]}<\/script>\n<!-- \/ Yoast SEO plugin. -->","yoast_head_json":{"title":"Commande - Les Grandes ORGUES","robots":{"index":"index","follow":"follow","max-snippet":"max-snippet:-1","max-image-preview":"max-image-preview:large","max-video-preview":"max-video-preview:-1"},"canonical":"https:\/\/grandesorgues.ch\/?page_id=4675","og_locale":"fr_FR","og_type":"article","og_title":"Commande - Les Grandes ORGUES","og_url":"https:\/\/grandesorgues.ch\/?page_id=4675","og_site_name":"Les Grandes ORGUES","article_publisher":"https:\/\/www.facebook.com\/profile.php?id=61561652917667","article_modified_time":"2026-02-09T09:37:45+00:00","twitter_card":"summary_large_image","schema":{"@context":"https:\/\/schema.org","@graph":[{"@type":"WebPage","@id":"https:\/\/grandesorgues.ch\/?page_id=4675","url":"https:\/\/grandesorgues.ch\/?page_id=4675","name":"Commande - Les Grandes ORGUES","isPartOf":{"@id":"https:\/\/grandesorgues.ch\/#website"},"datePublished":"2024-12-06T15:48:27+00:00","dateModified":"2026-02-09T09:37:45+00:00","breadcrumb":{"@id":"https:\/\/grandesorgues.ch\/?page_id=4675#breadcrumb"},"inLanguage":"fr-FR","potentialAction":[{"@type":"ReadAction","target":["https:\/\/grandesorgues.ch\/?page_id=4675"]}]},{"@type":"BreadcrumbList","@id":"https:\/\/grandesorgues.ch\/?page_id=4675#breadcrumb","itemListElement":[{"@type":"ListItem","position":1,"name":"Accueil","item":"https:\/\/grandesorgues.ch\/"},{"@type":"ListItem","position":2,"name":"Commande"}]},{"@type":"WebSite","@id":"https:\/\/grandesorgues.ch\/#website","url":"https:\/\/grandesorgues.ch\/","name":"Les Grandes ORGUES","description":"","publisher":{"@id":"https:\/\/grandesorgues.ch\/#organization"},"potentialAction":[{"@type":"SearchAction","target":{"@type":"EntryPoint","urlTemplate":"https:\/\/grandesorgues.ch\/?s={search_term_string}"},"query-input":{"@type":"PropertyValueSpecification","valueRequired":true,"valueName":"search_term_string"}}],"inLanguage":"fr-FR"},{"@type":"Organization","@id":"https:\/\/grandesorgues.ch\/#organization","name":"Les Grandes ORGUES","url":"https:\/\/grandesorgues.ch\/","logo":{"@type":"ImageObject","inLanguage":"fr-FR","@id":"https:\/\/grandesorgues.ch\/#\/schema\/logo\/image\/","url":"https:\/\/grandesorgues.ch\/wp-content\/uploads\/2023\/08\/cropped-logo-CDL.png","contentUrl":"https:\/\/grandesorgues.ch\/wp-content\/uploads\/2023\/08\/cropped-logo-CDL.png","width":512,"height":512,"caption":"Les Grandes ORGUES"},"image":{"@id":"https:\/\/grandesorgues.ch\/#\/schema\/logo\/image\/"},"sameAs":["https:\/\/www.facebook.com\/profile.php?id=61561652917667"]}]}},"_links":{"self":[{"href":"https:\/\/grandesorgues.ch\/index.php?rest_route=\/wp\/v2\/pages\/4675","targetHints":{"allow":["GET"]}}],"collection":[{"href":"https:\/\/grandesorgues.ch\/index.php?rest_route=\/wp\/v2\/pages"}],"about":[{"href":"https:\/\/grandesorgues.ch\/index.php?rest_route=\/wp\/v2\/types\/page"}],"author":[{"embeddable":true,"href":"https:\/\/grandesorgues.ch\/index.php?rest_route=\/wp\/v2\/users\/2"}],"replies":[{"embeddable":true,"href":"https:\/\/grandesorgues.ch\/index.php?rest_route=%2Fwp%2Fv2%2Fcomments&post=4675"}],"version-history":[{"count":26,"href":"https:\/\/grandesorgues.ch\/index.php?rest_route=\/wp\/v2\/pages\/4675\/revisions"}],"predecessor-version":[{"id":7208,"href":"https:\/\/grandesorgues.ch\/index.php?rest_route=\/wp\/v2\/pages\/4675\/revisions\/7208"}],"wp:attachment":[{"href":"https:\/\/grandesorgues.ch\/index.php?rest_route=%2Fwp%2Fv2%2Fmedia&parent=4675"}],"curies":[{"name":"wp","href":"https:\/\/api.w.org\/{rel}","templated":true}]}}