{"id":4690,"date":"2024-12-06T16:22:08","date_gmt":"2024-12-06T16:22:08","guid":{"rendered":"https:\/\/grandesorgues.ch\/?page_id=4690"},"modified":"2025-04-01T14:26:26","modified_gmt":"2025-04-01T14:26:26","slug":"la-sccl","status":"publish","type":"page","link":"https:\/\/grandesorgues.ch\/?page_id=4690","title":{"rendered":"LA SCCL"},"content":{"rendered":"\t\t<div data-elementor-type=\"wp-page\" data-elementor-id=\"4690\" class=\"elementor elementor-4690\">\n\t\t\t\t<div class=\"elementor-element elementor-element-ec45073 e-con-full e-flex e-con e-parent\" data-id=\"ec45073\" data-element_type=\"container\" data-e-type=\"container\">\n\t\t\t\t<div class=\"elementor-element elementor-element-06f2fec e-n-tabs-mobile elementor-widget elementor-widget-n-tabs\" data-id=\"06f2fec\" data-element_type=\"widget\" data-e-type=\"widget\" data-settings=\"{&quot;horizontal_scroll&quot;:&quot;disable&quot;}\" data-widget_type=\"nested-tabs.default\">\n\t\t\t\t<div class=\"elementor-widget-container\">\n\t\t\t\t\t\t\t<div class=\"e-n-tabs\" data-widget-number=\"7286764\" aria-label=\"Onglets. Ouvrez des \u00e9l\u00e9ments avec Entrer ou Espace, fermez-les avec Echape et naviguez \u00e0 l&#039;aide des touches fl\u00e9ch\u00e9es.\">\n\t\t\t<div class=\"e-n-tabs-heading\" role=\"tablist\">\n\t\t\t\t\t<button id=\"e-n-tab-title-72867641\" data-tab-title-id=\"e-n-tab-title-72867641\" class=\"e-n-tab-title\" aria-selected=\"true\" data-tab-index=\"1\" role=\"tab\" tabindex=\"0\" aria-controls=\"e-n-tab-content-72867641\" style=\"--n-tabs-title-order: 1;\">\n\t\t\t\t\t\t<span class=\"e-n-tab-title-text\">\n\t\t\t\tPr\u00e9sentation\t\t\t<\/span>\n\t\t<\/button>\n\t\t\t\t<button id=\"e-n-tab-title-72867642\" data-tab-title-id=\"e-n-tab-title-72867642\" class=\"e-n-tab-title\" aria-selected=\"false\" data-tab-index=\"2\" role=\"tab\" tabindex=\"-1\" aria-controls=\"e-n-tab-content-72867642\" style=\"--n-tabs-title-order: 2;\">\n\t\t\t\t\t\t<span class=\"e-n-tab-title-text\">\n\t\t\t\tComit\u00e9\t\t\t<\/span>\n\t\t<\/button>\n\t\t\t\t<button id=\"e-n-tab-title-72867643\" data-tab-title-id=\"e-n-tab-title-72867643\" class=\"e-n-tab-title\" aria-selected=\"false\" data-tab-index=\"3\" role=\"tab\" tabindex=\"-1\" aria-controls=\"e-n-tab-content-72867643\" style=\"--n-tabs-title-order: 3;\">\n\t\t\t\t\t\t<span class=\"e-n-tab-title-text\">\n\t\t\t\tPartenaires\t\t\t<\/span>\n\t\t<\/button>\n\t\t\t\t\t<\/div>\n\t\t\t<div class=\"e-n-tabs-content\">\n\t\t\t\t<div id=\"e-n-tab-content-72867641\" role=\"tabpanel\" aria-labelledby=\"e-n-tab-title-72867641\" data-tab-index=\"1\" style=\"--n-tabs-title-order: 1;\" class=\"e-active elementor-element elementor-element-8b9136c e-con-full e-flex e-con e-child\" data-id=\"8b9136c\" data-element_type=\"container\" data-e-type=\"container\">\n\t\t\t\t<div class=\"elementor-element elementor-element-69ac80f elementor-widget elementor-widget-text-editor\" data-id=\"69ac80f\" data-element_type=\"widget\" data-e-type=\"widget\" data-widget_type=\"text-editor.default\">\n\t\t\t\t<div class=\"elementor-widget-container\">\n\t\t\t\t\t\t\t\t\tFond\u00e9e en 1932,\u00a0<b>la Soci\u00e9t\u00e9 des Concerts de la Cath\u00e9drale de Lausanne<\/b>\u00a0rassemble celles et ceux qui d\u00e9sirent d\u00e9velopper, autour de l&rsquo;orgue, la vie musicale \u00e0 la Cath\u00e9drale.\nLa Soci\u00e9t\u00e9 accueille des organistes, des ensembles instrumentaux, des ch\u0153urs et des solistes venus de tous les horizons.\n\nLa Soci\u00e9t\u00e9 des Concerts esp\u00e8re b\u00e9n\u00e9ficier de l&rsquo;appui renouvel\u00e9 de ses membres et se r\u00e9jouit d&rsquo;accueillir de nouveaux enthousiasmes.\n<BR>\n<BR>\nLes membres de la SCCL :<BR>\n\u2022 ont libre acc\u00e8s aux concerts (\u00e0 l\u2019exception de certains concerts avec ch\u0153ur ou orchestre)<BR>\n\u2022 sont r\u00e9guli\u00e8rement inform\u00e9s de nos activit\u00e9s<BR>\n\u2022 ont l\u2019occasion de rencontrer les artistes lors des apr\u00e8s concerts organis\u00e9s plusieurs fois par an.<BR>\n<BR>\nSoci\u00e9t\u00e9 des Concerts de la Cath\u00e9drale de Lausanne\nPlace de la Cath\u00e9drale 13\nCH-1005 Lausanne\n<BR><BR>\n<strong>Contact: <BR><\/strong>\n\n<a href=\"mailto:contact@grandesorgues.ch\"><span style=\"color: #a3785b;\">contact@grandesorgues.ch<\/span><\/a>\n<BR>\n021 316 71 61 \/ +41 21 316 71 61\t\t\t\t\t\t\t\t<\/div>\n\t\t\t\t<\/div>\n\t\t\t\t<\/div>\n\t\t<div id=\"e-n-tab-content-72867642\" role=\"tabpanel\" aria-labelledby=\"e-n-tab-title-72867642\" data-tab-index=\"2\" style=\"--n-tabs-title-order: 2;\" class=\" elementor-element elementor-element-c81a3c8 e-con-full e-flex e-con e-child\" data-id=\"c81a3c8\" data-element_type=\"container\" data-e-type=\"container\">\n\t\t\t\t<div class=\"elementor-element elementor-element-db8b1ff elementor-widget elementor-widget-text-editor\" data-id=\"db8b1ff\" data-element_type=\"widget\" data-e-type=\"widget\" data-widget_type=\"text-editor.default\">\n\t\t\t\t<div class=\"elementor-widget-container\">\n\t\t\t\t\t\t\t\t\t<span style=\"text-decoration: underline;\"><strong>MEMBRES DU COMIT\u00c9<\/strong><\/span>\n<\/BR>\n<\/BR>\nC\u00e9dric Ballenegger, Pr\u00e9sident\n<\/BR>\nLine D\u00e9praz\n<\/BR>\nManon Devulder\n<\/BR>\nAlain Favre\n<\/BR>\nJean-Christophe Geiser\n<\/BR>\nKarin Geiser Richter\n<\/BR>\nAude Gelin\n<\/BR>\nAntoine Jaquenoud\n<\/BR>\nJean-Jacques Jaquenod\n<\/BR>\nJean-Louis Leuthold\n<\/BR>\nOlivier Parriaux\n<\/BR>\nLouis Venant\n<\/BR>\nThomas Vodzak\n<\/BR>\t\t\t\t\t\t\t\t<\/div>\n\t\t\t\t<\/div>\n\t\t\t\t<\/div>\n\t\t<div id=\"e-n-tab-content-72867643\" role=\"tabpanel\" aria-labelledby=\"e-n-tab-title-72867643\" data-tab-index=\"3\" style=\"--n-tabs-title-order: 3;\" class=\" elementor-element elementor-element-886a4b9 e-con-full e-flex e-con e-child\" data-id=\"886a4b9\" data-element_type=\"container\" data-e-type=\"container\">\n\t\t<div class=\"elementor-element elementor-element-584e8f1 e-con-full e-flex e-con e-child\" data-id=\"584e8f1\" data-element_type=\"container\" data-e-type=\"container\">\n\t\t\t\t<div class=\"elementor-element elementor-element-51bc4a2 elementor-widget elementor-widget-image\" data-id=\"51bc4a2\" data-element_type=\"widget\" data-e-type=\"widget\" data-widget_type=\"image.default\">\n\t\t\t\t<div class=\"elementor-widget-container\">\n\t\t\t\t\t\t\t\t\t\t\t\t\t\t\t<img fetchpriority=\"high\" decoding=\"async\" width=\"800\" height=\"291\" src=\"https:\/\/grandesorgues.ch\/wp-content\/uploads\/2025\/04\/canton-de-vaud-1024x372.jpg\" class=\"attachment-large size-large wp-image-6762\" alt=\"\" srcset=\"https:\/\/grandesorgues.ch\/wp-content\/uploads\/2025\/04\/canton-de-vaud-1024x372.jpg 1024w, https:\/\/grandesorgues.ch\/wp-content\/uploads\/2025\/04\/canton-de-vaud-300x109.jpg 300w, https:\/\/grandesorgues.ch\/wp-content\/uploads\/2025\/04\/canton-de-vaud-768x279.jpg 768w, https:\/\/grandesorgues.ch\/wp-content\/uploads\/2025\/04\/canton-de-vaud-1536x559.jpg 1536w, https:\/\/grandesorgues.ch\/wp-content\/uploads\/2025\/04\/canton-de-vaud.jpg 1732w\" sizes=\"(max-width: 800px) 100vw, 800px\" \/>\t\t\t\t\t\t\t\t\t\t\t\t\t\t\t<\/div>\n\t\t\t\t<\/div>\n\t\t\t\t<\/div>\n\t\t<div class=\"elementor-element elementor-element-146f2d2 e-con-full e-flex e-con e-child\" data-id=\"146f2d2\" data-element_type=\"container\" data-e-type=\"container\">\n\t\t\t\t<div class=\"elementor-element elementor-element-b5d2a95 elementor-widget elementor-widget-image\" data-id=\"b5d2a95\" data-element_type=\"widget\" data-e-type=\"widget\" data-widget_type=\"image.default\">\n\t\t\t\t<div class=\"elementor-widget-container\">\n\t\t\t\t\t\t\t\t\t\t\t\t\t\t\t<img decoding=\"async\" width=\"800\" height=\"89\" src=\"https:\/\/grandesorgues.ch\/wp-content\/uploads\/2025\/04\/Unknown-1024x114.jpeg\" class=\"attachment-large size-large wp-image-6763\" alt=\"\" srcset=\"https:\/\/grandesorgues.ch\/wp-content\/uploads\/2025\/04\/Unknown-1024x114.jpeg 1024w, https:\/\/grandesorgues.ch\/wp-content\/uploads\/2025\/04\/Unknown-300x33.jpeg 300w, https:\/\/grandesorgues.ch\/wp-content\/uploads\/2025\/04\/Unknown-768x85.jpeg 768w, https:\/\/grandesorgues.ch\/wp-content\/uploads\/2025\/04\/Unknown-1536x171.jpeg 1536w, https:\/\/grandesorgues.ch\/wp-content\/uploads\/2025\/04\/Unknown-2048x228.jpeg 2048w\" sizes=\"(max-width: 800px) 100vw, 800px\" \/>\t\t\t\t\t\t\t\t\t\t\t\t\t\t\t<\/div>\n\t\t\t\t<\/div>\n\t\t\t\t<\/div>\n\t\t<div class=\"elementor-element elementor-element-f7b62f7 e-con-full e-flex e-con e-child\" data-id=\"f7b62f7\" data-element_type=\"container\" data-e-type=\"container\">\n\t\t\t\t<div class=\"elementor-element elementor-element-684ae14 elementor-widget elementor-widget-image\" data-id=\"684ae14\" data-element_type=\"widget\" data-e-type=\"widget\" data-widget_type=\"image.default\">\n\t\t\t\t<div class=\"elementor-widget-container\">\n\t\t\t\t\t\t\t\t\t\t\t\t\t\t\t<img decoding=\"async\" width=\"251\" height=\"83\" src=\"https:\/\/grandesorgues.ch\/wp-content\/uploads\/2025\/04\/logo_bcv.jpg\" class=\"attachment-large size-large wp-image-6764\" alt=\"\" \/>\t\t\t\t\t\t\t\t\t\t\t\t\t\t\t<\/div>\n\t\t\t\t<\/div>\n\t\t\t\t<\/div>\n\t\t<div class=\"elementor-element elementor-element-ee3576b e-con-full e-flex e-con e-child\" data-id=\"ee3576b\" data-element_type=\"container\" data-e-type=\"container\">\n\t\t\t\t<div class=\"elementor-element elementor-element-ac43dc0 elementor-widget elementor-widget-image\" data-id=\"ac43dc0\" data-element_type=\"widget\" data-e-type=\"widget\" data-widget_type=\"image.default\">\n\t\t\t\t<div class=\"elementor-widget-container\">\n\t\t\t\t\t\t\t\t\t\t\t\t\t\t\t<img loading=\"lazy\" decoding=\"async\" width=\"800\" height=\"757\" src=\"https:\/\/grandesorgues.ch\/wp-content\/uploads\/2025\/04\/lionlogo_2c.jpg\" class=\"attachment-large size-large wp-image-6765\" alt=\"\" srcset=\"https:\/\/grandesorgues.ch\/wp-content\/uploads\/2025\/04\/lionlogo_2c.jpg 900w, https:\/\/grandesorgues.ch\/wp-content\/uploads\/2025\/04\/lionlogo_2c-300x284.jpg 300w, https:\/\/grandesorgues.ch\/wp-content\/uploads\/2025\/04\/lionlogo_2c-768x727.jpg 768w\" sizes=\"(max-width: 800px) 100vw, 800px\" \/>\t\t\t\t\t\t\t\t\t\t\t\t\t\t\t<\/div>\n\t\t\t\t<\/div>\n\t\t\t\t<\/div>\n\t\t<div class=\"elementor-element elementor-element-f9dcaca e-con-full e-flex e-con e-child\" data-id=\"f9dcaca\" data-element_type=\"container\" data-e-type=\"container\">\n\t\t\t\t<div class=\"elementor-element elementor-element-3edaab3 elementor-widget elementor-widget-image\" data-id=\"3edaab3\" data-element_type=\"widget\" data-e-type=\"widget\" data-widget_type=\"image.default\">\n\t\t\t\t<div class=\"elementor-widget-container\">\n\t\t\t\t\t\t\t\t\t\t\t\t\t\t\t<img loading=\"lazy\" decoding=\"async\" width=\"716\" height=\"1024\" src=\"https:\/\/grandesorgues.ch\/wp-content\/uploads\/2025\/04\/logo-cathedrale_v-positive_grand-716x1024.jpg\" class=\"attachment-large size-large wp-image-6772\" alt=\"\" srcset=\"https:\/\/grandesorgues.ch\/wp-content\/uploads\/2025\/04\/logo-cathedrale_v-positive_grand-716x1024.jpg 716w, https:\/\/grandesorgues.ch\/wp-content\/uploads\/2025\/04\/logo-cathedrale_v-positive_grand-210x300.jpg 210w, https:\/\/grandesorgues.ch\/wp-content\/uploads\/2025\/04\/logo-cathedrale_v-positive_grand-768x1098.jpg 768w, https:\/\/grandesorgues.ch\/wp-content\/uploads\/2025\/04\/logo-cathedrale_v-positive_grand-1074x1536.jpg 1074w, https:\/\/grandesorgues.ch\/wp-content\/uploads\/2025\/04\/logo-cathedrale_v-positive_grand-1432x2048.jpg 1432w, https:\/\/grandesorgues.ch\/wp-content\/uploads\/2025\/04\/logo-cathedrale_v-positive_grand-scaled.jpg 1790w\" sizes=\"(max-width: 716px) 100vw, 716px\" \/>\t\t\t\t\t\t\t\t\t\t\t\t\t\t\t<\/div>\n\t\t\t\t<\/div>\n\t\t\t\t<\/div>\n\t\t<div class=\"elementor-element elementor-element-4c79a19 e-con-full e-flex e-con e-child\" data-id=\"4c79a19\" data-element_type=\"container\" data-e-type=\"container\">\n\t\t\t\t<div class=\"elementor-element elementor-element-835cafb elementor-widget elementor-widget-image\" data-id=\"835cafb\" data-element_type=\"widget\" data-e-type=\"widget\" data-widget_type=\"image.default\">\n\t\t\t\t<div class=\"elementor-widget-container\">\n\t\t\t\t\t\t\t\t\t\t\t\t\t\t\t<img loading=\"lazy\" decoding=\"async\" width=\"800\" height=\"348\" src=\"https:\/\/grandesorgues.ch\/wp-content\/uploads\/2025\/04\/469750594_1045852610674670_7044979473982073459_n-1024x446.png\" class=\"attachment-large size-large wp-image-6785\" alt=\"\" srcset=\"https:\/\/grandesorgues.ch\/wp-content\/uploads\/2025\/04\/469750594_1045852610674670_7044979473982073459_n-1024x446.png 1024w, https:\/\/grandesorgues.ch\/wp-content\/uploads\/2025\/04\/469750594_1045852610674670_7044979473982073459_n-300x131.png 300w, https:\/\/grandesorgues.ch\/wp-content\/uploads\/2025\/04\/469750594_1045852610674670_7044979473982073459_n-768x334.png 768w, https:\/\/grandesorgues.ch\/wp-content\/uploads\/2025\/04\/469750594_1045852610674670_7044979473982073459_n-1536x669.png 1536w, https:\/\/grandesorgues.ch\/wp-content\/uploads\/2025\/04\/469750594_1045852610674670_7044979473982073459_n.png 2000w\" sizes=\"(max-width: 800px) 100vw, 800px\" \/>\t\t\t\t\t\t\t\t\t\t\t\t\t\t\t<\/div>\n\t\t\t\t<\/div>\n\t\t\t\t<\/div>\n\t\t\t\t<\/div>\n\t\t\t\t\t<\/div>\n\t\t<\/div>\n\t\t\t\t\t\t<\/div>\n\t\t\t\t<\/div>\n\t\t\t\t<\/div>\n\t\t\t\t<\/div>\n\t\t","protected":false},"excerpt":{"rendered":"<p>Pr\u00e9sentation Comit\u00e9 Partenaires Fond\u00e9e en 1932,\u00a0la Soci\u00e9t\u00e9 des Concerts de la Cath\u00e9drale de Lausanne\u00a0rassemble celles et ceux qui d\u00e9sirent d\u00e9velopper, autour de l&rsquo;orgue, la vie musicale \u00e0 la Cath\u00e9drale. La Soci\u00e9t\u00e9 accueille des organistes, des ensembles instrumentaux, des ch\u0153urs et des solistes venus de tous les horizons. La Soci\u00e9t\u00e9 des Concerts esp\u00e8re b\u00e9n\u00e9ficier de l&rsquo;appui [&hellip;]<\/p>\n","protected":false},"author":2,"featured_media":0,"parent":0,"menu_order":0,"comment_status":"closed","ping_status":"closed","template":"","meta":{"footnotes":""},"class_list":["post-4690","page","type-page","status-publish","hentry"],"yoast_head":"<!-- This site is optimized with the Yoast SEO plugin v27.5 - https:\/\/yoast.com\/product\/yoast-seo-wordpress\/ -->\n<title>LA SCCL - Les Grandes ORGUES<\/title>\n<meta name=\"robots\" content=\"index, follow, max-snippet:-1, max-image-preview:large, max-video-preview:-1\" \/>\n<link rel=\"canonical\" href=\"https:\/\/grandesorgues.ch\/?page_id=4690\" \/>\n<meta property=\"og:locale\" content=\"fr_FR\" \/>\n<meta property=\"og:type\" content=\"article\" \/>\n<meta property=\"og:title\" content=\"LA SCCL - Les Grandes ORGUES\" \/>\n<meta property=\"og:description\" content=\"Pr\u00e9sentation Comit\u00e9 Partenaires Fond\u00e9e en 1932,\u00a0la Soci\u00e9t\u00e9 des Concerts de la Cath\u00e9drale de Lausanne\u00a0rassemble celles et ceux qui d\u00e9sirent d\u00e9velopper, autour de l&rsquo;orgue, la vie musicale \u00e0 la Cath\u00e9drale. La Soci\u00e9t\u00e9 accueille des organistes, des ensembles instrumentaux, des ch\u0153urs et des solistes venus de tous les horizons. La Soci\u00e9t\u00e9 des Concerts esp\u00e8re b\u00e9n\u00e9ficier de l&rsquo;appui [&hellip;]\" \/>\n<meta property=\"og:url\" content=\"https:\/\/grandesorgues.ch\/?page_id=4690\" \/>\n<meta property=\"og:site_name\" content=\"Les Grandes ORGUES\" \/>\n<meta property=\"article:publisher\" content=\"https:\/\/www.facebook.com\/profile.php?id=61561652917667\" \/>\n<meta property=\"article:modified_time\" content=\"2025-04-01T14:26:26+00:00\" \/>\n<meta property=\"og:image\" content=\"https:\/\/grandesorgues.ch\/wp-content\/uploads\/2025\/04\/canton-de-vaud.jpg\" \/>\n\t<meta property=\"og:image:width\" content=\"1732\" \/>\n\t<meta property=\"og:image:height\" content=\"630\" \/>\n\t<meta property=\"og:image:type\" content=\"image\/jpeg\" \/>\n<meta name=\"twitter:card\" content=\"summary_large_image\" \/>\n<meta name=\"twitter:label1\" content=\"Dur\u00e9e de lecture estim\u00e9e\" \/>\n\t<meta name=\"twitter:data1\" content=\"5 minutes\" \/>\n<script type=\"application\/ld+json\" class=\"yoast-schema-graph\">{\"@context\":\"https:\\\/\\\/schema.org\",\"@graph\":[{\"@type\":\"WebPage\",\"@id\":\"https:\\\/\\\/grandesorgues.ch\\\/?page_id=4690\",\"url\":\"https:\\\/\\\/grandesorgues.ch\\\/?page_id=4690\",\"name\":\"LA SCCL - Les Grandes ORGUES\",\"isPartOf\":{\"@id\":\"https:\\\/\\\/grandesorgues.ch\\\/#website\"},\"primaryImageOfPage\":{\"@id\":\"https:\\\/\\\/grandesorgues.ch\\\/?page_id=4690#primaryimage\"},\"image\":{\"@id\":\"https:\\\/\\\/grandesorgues.ch\\\/?page_id=4690#primaryimage\"},\"thumbnailUrl\":\"https:\\\/\\\/grandesorgues.ch\\\/wp-content\\\/uploads\\\/2025\\\/04\\\/canton-de-vaud-1024x372.jpg\",\"datePublished\":\"2024-12-06T16:22:08+00:00\",\"dateModified\":\"2025-04-01T14:26:26+00:00\",\"breadcrumb\":{\"@id\":\"https:\\\/\\\/grandesorgues.ch\\\/?page_id=4690#breadcrumb\"},\"inLanguage\":\"fr-FR\",\"potentialAction\":[{\"@type\":\"ReadAction\",\"target\":[\"https:\\\/\\\/grandesorgues.ch\\\/?page_id=4690\"]}]},{\"@type\":\"ImageObject\",\"inLanguage\":\"fr-FR\",\"@id\":\"https:\\\/\\\/grandesorgues.ch\\\/?page_id=4690#primaryimage\",\"url\":\"https:\\\/\\\/grandesorgues.ch\\\/wp-content\\\/uploads\\\/2025\\\/04\\\/canton-de-vaud.jpg\",\"contentUrl\":\"https:\\\/\\\/grandesorgues.ch\\\/wp-content\\\/uploads\\\/2025\\\/04\\\/canton-de-vaud.jpg\",\"width\":1732,\"height\":630},{\"@type\":\"BreadcrumbList\",\"@id\":\"https:\\\/\\\/grandesorgues.ch\\\/?page_id=4690#breadcrumb\",\"itemListElement\":[{\"@type\":\"ListItem\",\"position\":1,\"name\":\"Accueil\",\"item\":\"https:\\\/\\\/grandesorgues.ch\\\/\"},{\"@type\":\"ListItem\",\"position\":2,\"name\":\"LA SCCL\"}]},{\"@type\":\"WebSite\",\"@id\":\"https:\\\/\\\/grandesorgues.ch\\\/#website\",\"url\":\"https:\\\/\\\/grandesorgues.ch\\\/\",\"name\":\"Les Grandes ORGUES\",\"description\":\"\",\"publisher\":{\"@id\":\"https:\\\/\\\/grandesorgues.ch\\\/#organization\"},\"potentialAction\":[{\"@type\":\"SearchAction\",\"target\":{\"@type\":\"EntryPoint\",\"urlTemplate\":\"https:\\\/\\\/grandesorgues.ch\\\/?s={search_term_string}\"},\"query-input\":{\"@type\":\"PropertyValueSpecification\",\"valueRequired\":true,\"valueName\":\"search_term_string\"}}],\"inLanguage\":\"fr-FR\"},{\"@type\":\"Organization\",\"@id\":\"https:\\\/\\\/grandesorgues.ch\\\/#organization\",\"name\":\"Les Grandes ORGUES\",\"url\":\"https:\\\/\\\/grandesorgues.ch\\\/\",\"logo\":{\"@type\":\"ImageObject\",\"inLanguage\":\"fr-FR\",\"@id\":\"https:\\\/\\\/grandesorgues.ch\\\/#\\\/schema\\\/logo\\\/image\\\/\",\"url\":\"https:\\\/\\\/grandesorgues.ch\\\/wp-content\\\/uploads\\\/2023\\\/08\\\/cropped-logo-CDL.png\",\"contentUrl\":\"https:\\\/\\\/grandesorgues.ch\\\/wp-content\\\/uploads\\\/2023\\\/08\\\/cropped-logo-CDL.png\",\"width\":512,\"height\":512,\"caption\":\"Les Grandes ORGUES\"},\"image\":{\"@id\":\"https:\\\/\\\/grandesorgues.ch\\\/#\\\/schema\\\/logo\\\/image\\\/\"},\"sameAs\":[\"https:\\\/\\\/www.facebook.com\\\/profile.php?id=61561652917667\"]}]}<\/script>\n<!-- \/ Yoast SEO plugin. -->","yoast_head_json":{"title":"LA SCCL - Les Grandes ORGUES","robots":{"index":"index","follow":"follow","max-snippet":"max-snippet:-1","max-image-preview":"max-image-preview:large","max-video-preview":"max-video-preview:-1"},"canonical":"https:\/\/grandesorgues.ch\/?page_id=4690","og_locale":"fr_FR","og_type":"article","og_title":"LA SCCL - Les Grandes ORGUES","og_description":"Pr\u00e9sentation Comit\u00e9 Partenaires Fond\u00e9e en 1932,\u00a0la Soci\u00e9t\u00e9 des Concerts de la Cath\u00e9drale de Lausanne\u00a0rassemble celles et ceux qui d\u00e9sirent d\u00e9velopper, autour de l&rsquo;orgue, la vie musicale \u00e0 la Cath\u00e9drale. La Soci\u00e9t\u00e9 accueille des organistes, des ensembles instrumentaux, des ch\u0153urs et des solistes venus de tous les horizons. La Soci\u00e9t\u00e9 des Concerts esp\u00e8re b\u00e9n\u00e9ficier de l&rsquo;appui [&hellip;]","og_url":"https:\/\/grandesorgues.ch\/?page_id=4690","og_site_name":"Les Grandes ORGUES","article_publisher":"https:\/\/www.facebook.com\/profile.php?id=61561652917667","article_modified_time":"2025-04-01T14:26:26+00:00","og_image":[{"width":1732,"height":630,"url":"https:\/\/grandesorgues.ch\/wp-content\/uploads\/2025\/04\/canton-de-vaud.jpg","type":"image\/jpeg"}],"twitter_card":"summary_large_image","twitter_misc":{"Dur\u00e9e de lecture estim\u00e9e":"5 minutes"},"schema":{"@context":"https:\/\/schema.org","@graph":[{"@type":"WebPage","@id":"https:\/\/grandesorgues.ch\/?page_id=4690","url":"https:\/\/grandesorgues.ch\/?page_id=4690","name":"LA SCCL - Les Grandes ORGUES","isPartOf":{"@id":"https:\/\/grandesorgues.ch\/#website"},"primaryImageOfPage":{"@id":"https:\/\/grandesorgues.ch\/?page_id=4690#primaryimage"},"image":{"@id":"https:\/\/grandesorgues.ch\/?page_id=4690#primaryimage"},"thumbnailUrl":"https:\/\/grandesorgues.ch\/wp-content\/uploads\/2025\/04\/canton-de-vaud-1024x372.jpg","datePublished":"2024-12-06T16:22:08+00:00","dateModified":"2025-04-01T14:26:26+00:00","breadcrumb":{"@id":"https:\/\/grandesorgues.ch\/?page_id=4690#breadcrumb"},"inLanguage":"fr-FR","potentialAction":[{"@type":"ReadAction","target":["https:\/\/grandesorgues.ch\/?page_id=4690"]}]},{"@type":"ImageObject","inLanguage":"fr-FR","@id":"https:\/\/grandesorgues.ch\/?page_id=4690#primaryimage","url":"https:\/\/grandesorgues.ch\/wp-content\/uploads\/2025\/04\/canton-de-vaud.jpg","contentUrl":"https:\/\/grandesorgues.ch\/wp-content\/uploads\/2025\/04\/canton-de-vaud.jpg","width":1732,"height":630},{"@type":"BreadcrumbList","@id":"https:\/\/grandesorgues.ch\/?page_id=4690#breadcrumb","itemListElement":[{"@type":"ListItem","position":1,"name":"Accueil","item":"https:\/\/grandesorgues.ch\/"},{"@type":"ListItem","position":2,"name":"LA SCCL"}]},{"@type":"WebSite","@id":"https:\/\/grandesorgues.ch\/#website","url":"https:\/\/grandesorgues.ch\/","name":"Les Grandes ORGUES","description":"","publisher":{"@id":"https:\/\/grandesorgues.ch\/#organization"},"potentialAction":[{"@type":"SearchAction","target":{"@type":"EntryPoint","urlTemplate":"https:\/\/grandesorgues.ch\/?s={search_term_string}"},"query-input":{"@type":"PropertyValueSpecification","valueRequired":true,"valueName":"search_term_string"}}],"inLanguage":"fr-FR"},{"@type":"Organization","@id":"https:\/\/grandesorgues.ch\/#organization","name":"Les Grandes ORGUES","url":"https:\/\/grandesorgues.ch\/","logo":{"@type":"ImageObject","inLanguage":"fr-FR","@id":"https:\/\/grandesorgues.ch\/#\/schema\/logo\/image\/","url":"https:\/\/grandesorgues.ch\/wp-content\/uploads\/2023\/08\/cropped-logo-CDL.png","contentUrl":"https:\/\/grandesorgues.ch\/wp-content\/uploads\/2023\/08\/cropped-logo-CDL.png","width":512,"height":512,"caption":"Les Grandes ORGUES"},"image":{"@id":"https:\/\/grandesorgues.ch\/#\/schema\/logo\/image\/"},"sameAs":["https:\/\/www.facebook.com\/profile.php?id=61561652917667"]}]}},"_links":{"self":[{"href":"https:\/\/grandesorgues.ch\/index.php?rest_route=\/wp\/v2\/pages\/4690","targetHints":{"allow":["GET"]}}],"collection":[{"href":"https:\/\/grandesorgues.ch\/index.php?rest_route=\/wp\/v2\/pages"}],"about":[{"href":"https:\/\/grandesorgues.ch\/index.php?rest_route=\/wp\/v2\/types\/page"}],"author":[{"embeddable":true,"href":"https:\/\/grandesorgues.ch\/index.php?rest_route=\/wp\/v2\/users\/2"}],"replies":[{"embeddable":true,"href":"https:\/\/grandesorgues.ch\/index.php?rest_route=%2Fwp%2Fv2%2Fcomments&post=4690"}],"version-history":[{"count":91,"href":"https:\/\/grandesorgues.ch\/index.php?rest_route=\/wp\/v2\/pages\/4690\/revisions"}],"predecessor-version":[{"id":6788,"href":"https:\/\/grandesorgues.ch\/index.php?rest_route=\/wp\/v2\/pages\/4690\/revisions\/6788"}],"wp:attachment":[{"href":"https:\/\/grandesorgues.ch\/index.php?rest_route=%2Fwp%2Fv2%2Fmedia&parent=4690"}],"curies":[{"name":"wp","href":"https:\/\/api.w.org\/{rel}","templated":true}]}}