{"id":5893,"date":"2025-02-25T09:27:22","date_gmt":"2025-02-25T09:27:22","guid":{"rendered":"https:\/\/grandesorgues.ch\/?page_id=5893"},"modified":"2025-03-26T16:14:36","modified_gmt":"2025-03-26T16:14:36","slug":"elementor-5893","status":"publish","type":"page","link":"https:\/\/grandesorgues.ch\/?page_id=5893&lang=en","title":{"rendered":"The SCCL"},"content":{"rendered":"\t\t<div data-elementor-type=\"wp-page\" data-elementor-id=\"5893\" class=\"elementor elementor-5893\">\n\t\t\t\t<div class=\"elementor-element elementor-element-ec45073 e-con-full e-flex e-con e-parent\" data-id=\"ec45073\" data-element_type=\"container\" data-e-type=\"container\">\n\t\t\t\t<div class=\"elementor-element elementor-element-06f2fec e-n-tabs-mobile elementor-widget elementor-widget-n-tabs\" data-id=\"06f2fec\" data-element_type=\"widget\" data-e-type=\"widget\" data-settings=\"{&quot;horizontal_scroll&quot;:&quot;disable&quot;}\" data-widget_type=\"nested-tabs.default\">\n\t\t\t\t<div class=\"elementor-widget-container\">\n\t\t\t\t\t\t\t<div class=\"e-n-tabs\" data-widget-number=\"7286764\" aria-label=\"Tabs. Open items with Enter or Space, close with Escape and navigate using the Arrow keys.\">\n\t\t\t<div class=\"e-n-tabs-heading\" role=\"tablist\">\n\t\t\t\t\t<button id=\"e-n-tab-title-72867641\" data-tab-title-id=\"e-n-tab-title-72867641\" class=\"e-n-tab-title\" aria-selected=\"true\" data-tab-index=\"1\" role=\"tab\" tabindex=\"0\" aria-controls=\"e-n-tab-content-72867641\" style=\"--n-tabs-title-order: 1;\">\n\t\t\t\t\t\t<span class=\"e-n-tab-title-text\">\n\t\t\t\tPresentation\t\t\t<\/span>\n\t\t<\/button>\n\t\t\t\t<button id=\"e-n-tab-title-72867642\" data-tab-title-id=\"e-n-tab-title-72867642\" class=\"e-n-tab-title\" aria-selected=\"false\" data-tab-index=\"2\" role=\"tab\" tabindex=\"-1\" aria-controls=\"e-n-tab-content-72867642\" style=\"--n-tabs-title-order: 2;\">\n\t\t\t\t\t\t<span class=\"e-n-tab-title-text\">\n\t\t\t\tCommittee\t\t\t<\/span>\n\t\t<\/button>\n\t\t\t\t<button id=\"e-n-tab-title-72867643\" data-tab-title-id=\"e-n-tab-title-72867643\" class=\"e-n-tab-title\" aria-selected=\"false\" data-tab-index=\"3\" role=\"tab\" tabindex=\"-1\" aria-controls=\"e-n-tab-content-72867643\" style=\"--n-tabs-title-order: 3;\">\n\t\t\t\t\t\t<span class=\"e-n-tab-title-text\">\n\t\t\t\tSponsors\t\t\t<\/span>\n\t\t<\/button>\n\t\t\t\t\t<\/div>\n\t\t\t<div class=\"e-n-tabs-content\">\n\t\t\t\t<div id=\"e-n-tab-content-72867641\" role=\"tabpanel\" aria-labelledby=\"e-n-tab-title-72867641\" data-tab-index=\"1\" style=\"--n-tabs-title-order: 1;\" class=\"e-active elementor-element elementor-element-8b9136c e-con-full e-flex e-con e-child\" data-id=\"8b9136c\" data-element_type=\"container\" data-e-type=\"container\">\n\t\t\t\t<div class=\"elementor-element elementor-element-69ac80f elementor-widget elementor-widget-text-editor\" data-id=\"69ac80f\" data-element_type=\"widget\" data-e-type=\"widget\" data-widget_type=\"text-editor.default\">\n\t\t\t\t<div class=\"elementor-widget-container\">\n\t\t\t\t\t\t\t\t\tFounded in 1932, the Soci\u00e9t\u00e9 des Concerts de la Cath\u00e9drale de Lausanne brings together all those who wish to develop the musical life of the Cathedral around the organ. The Society welcomes organists, instrumental ensembles, choirs and soloists from all walks of life.\nThe Soci\u00e9t\u00e9 des Concerts hopes to benefit from the renewed support of its members and looks forward to welcoming new enthusiasts.\n<\/br>\n<\/br>\nSCCL members :<\/br>\n\n\u2022 have free access to concerts (with the exception of certain concerts with choir or orchestra)\n<\/br>\n\u2022 are regularly informed of our activities\n<\/br>\n\u2022 have the opportunity to meet the artists at after-concert events organised several times a year.\nSoci\u00e9t\u00e9 des Concerts de la Cath\u00e9drale de Lausanne Place de la Cath\u00e9drale 13 CH-1005 Lausanne\n<\/br>\n<\/br>\n\nContact: <\/br>\ncontact@grandesorgues.ch <\/br>\n021 316 71 61 \/ +41 21 316 71 61\t\t\t\t\t\t\t\t<\/div>\n\t\t\t\t<\/div>\n\t\t\t\t<\/div>\n\t\t<div id=\"e-n-tab-content-72867642\" role=\"tabpanel\" aria-labelledby=\"e-n-tab-title-72867642\" data-tab-index=\"2\" style=\"--n-tabs-title-order: 2;\" class=\" elementor-element elementor-element-c81a3c8 e-con-full e-flex e-con e-child\" data-id=\"c81a3c8\" data-element_type=\"container\" data-e-type=\"container\">\n\t\t\t\t<div class=\"elementor-element elementor-element-db8b1ff elementor-widget elementor-widget-text-editor\" data-id=\"db8b1ff\" data-element_type=\"widget\" data-e-type=\"widget\" data-widget_type=\"text-editor.default\">\n\t\t\t\t<div class=\"elementor-widget-container\">\n\t\t\t\t\t\t\t\t\t<p><span style=\"text-decoration: underline;\"><strong>COMMITTEE MEMBERS<\/strong><\/span><\/p>\n<\/br>\n<p>C\u00e9dric Ballenegger, Pr\u00e9sident<br \/>Line D\u00e9praz<br \/>Manon Devulder<br \/>Alain Favre<br \/>Jean-Christophe Geiser<br \/>Karin Geiser Richter<br \/>Aude Gelin<br \/>Antoine Jaquenoud<br \/>Jean-Jacques Jaquenod<br \/>Jean-Louis Leuthold<br \/>Olivier Parriaux<br \/>Louis Venant<br \/>Thomas Vodzak<\/p>\t\t\t\t\t\t\t\t<\/div>\n\t\t\t\t<\/div>\n\t\t\t\t<\/div>\n\t\t<div id=\"e-n-tab-content-72867643\" role=\"tabpanel\" aria-labelledby=\"e-n-tab-title-72867643\" data-tab-index=\"3\" style=\"--n-tabs-title-order: 3;\" class=\" elementor-element elementor-element-886a4b9 e-con-full e-flex e-con e-child\" data-id=\"886a4b9\" data-element_type=\"container\" data-e-type=\"container\">\n\t\t<div class=\"elementor-element elementor-element-584e8f1 e-con-full e-flex e-con e-child\" data-id=\"584e8f1\" data-element_type=\"container\" data-e-type=\"container\">\n\t\t\t\t<div class=\"elementor-element elementor-element-51bc4a2 elementor-widget elementor-widget-image\" data-id=\"51bc4a2\" data-element_type=\"widget\" data-e-type=\"widget\" data-widget_type=\"image.default\">\n\t\t\t\t<div class=\"elementor-widget-container\">\n\t\t\t\t\t\t\t\t\t\t\t\t\t\t\t<img decoding=\"async\" width=\"245\" height=\"90\" src=\"https:\/\/grandesorgues.ch\/wp-content\/uploads\/2024\/12\/partenaire_lausanne.png\" class=\"attachment-large size-large wp-image-4692\" alt=\"\" srcset=\"https:\/\/grandesorgues.ch\/wp-content\/uploads\/2024\/12\/partenaire_lausanne.png 245w, https:\/\/grandesorgues.ch\/wp-content\/uploads\/2024\/12\/partenaire_lausanne-18x7.png 18w\" sizes=\"(max-width: 245px) 100vw, 245px\" \/>\t\t\t\t\t\t\t\t\t\t\t\t\t\t\t<\/div>\n\t\t\t\t<\/div>\n\t\t\t\t<\/div>\n\t\t<div class=\"elementor-element elementor-element-146f2d2 e-con-full e-flex e-con e-child\" data-id=\"146f2d2\" data-element_type=\"container\" data-e-type=\"container\">\n\t\t\t\t<div class=\"elementor-element elementor-element-b5d2a95 elementor-widget elementor-widget-image\" data-id=\"b5d2a95\" data-element_type=\"widget\" data-e-type=\"widget\" data-widget_type=\"image.default\">\n\t\t\t\t<div class=\"elementor-widget-container\">\n\t\t\t\t\t\t\t\t\t\t\t\t\t\t\t<img decoding=\"async\" width=\"245\" height=\"90\" src=\"https:\/\/grandesorgues.ch\/wp-content\/uploads\/2024\/12\/partenaire_vaud.png\" class=\"attachment-large size-large wp-image-4693\" alt=\"\" srcset=\"https:\/\/grandesorgues.ch\/wp-content\/uploads\/2024\/12\/partenaire_vaud.png 245w, https:\/\/grandesorgues.ch\/wp-content\/uploads\/2024\/12\/partenaire_vaud-18x7.png 18w\" sizes=\"(max-width: 245px) 100vw, 245px\" \/>\t\t\t\t\t\t\t\t\t\t\t\t\t\t\t<\/div>\n\t\t\t\t<\/div>\n\t\t\t\t<\/div>\n\t\t<div class=\"elementor-element elementor-element-f7b62f7 e-con-full e-flex e-con e-child\" data-id=\"f7b62f7\" data-element_type=\"container\" data-e-type=\"container\">\n\t\t\t\t<div class=\"elementor-element elementor-element-1ffa339 elementor-widget elementor-widget-image\" data-id=\"1ffa339\" data-element_type=\"widget\" data-e-type=\"widget\" data-widget_type=\"image.default\">\n\t\t\t\t<div class=\"elementor-widget-container\">\n\t\t\t\t\t\t\t\t\t\t\t\t\t\t\t<img decoding=\"async\" width=\"245\" height=\"90\" src=\"https:\/\/grandesorgues.ch\/wp-content\/uploads\/2024\/12\/partenaire_loterie.png\" class=\"attachment-large size-large wp-image-4694\" alt=\"\" srcset=\"https:\/\/grandesorgues.ch\/wp-content\/uploads\/2024\/12\/partenaire_loterie.png 245w, https:\/\/grandesorgues.ch\/wp-content\/uploads\/2024\/12\/partenaire_loterie-18x7.png 18w\" sizes=\"(max-width: 245px) 100vw, 245px\" \/>\t\t\t\t\t\t\t\t\t\t\t\t\t\t\t<\/div>\n\t\t\t\t<\/div>\n\t\t\t\t<\/div>\n\t\t<div class=\"elementor-element elementor-element-4122034 e-con-full e-flex e-con e-child\" data-id=\"4122034\" data-element_type=\"container\" data-e-type=\"container\">\n\t\t\t\t<div class=\"elementor-element elementor-element-bca33a5 elementor-widget elementor-widget-image\" data-id=\"bca33a5\" data-element_type=\"widget\" data-e-type=\"widget\" data-widget_type=\"image.default\">\n\t\t\t\t<div class=\"elementor-widget-container\">\n\t\t\t\t\t\t\t\t\t\t\t\t\t\t\t<img loading=\"lazy\" decoding=\"async\" width=\"245\" height=\"90\" src=\"https:\/\/grandesorgues.ch\/wp-content\/uploads\/2024\/12\/partenaire_cic.png\" class=\"attachment-large size-large wp-image-4695\" alt=\"\" srcset=\"https:\/\/grandesorgues.ch\/wp-content\/uploads\/2024\/12\/partenaire_cic.png 245w, https:\/\/grandesorgues.ch\/wp-content\/uploads\/2024\/12\/partenaire_cic-18x7.png 18w\" sizes=\"(max-width: 245px) 100vw, 245px\" \/>\t\t\t\t\t\t\t\t\t\t\t\t\t\t\t<\/div>\n\t\t\t\t<\/div>\n\t\t\t\t<\/div>\n\t\t<div class=\"elementor-element elementor-element-ee3576b e-con-full e-flex e-con e-child\" data-id=\"ee3576b\" data-element_type=\"container\" data-e-type=\"container\">\n\t\t\t\t<div class=\"elementor-element elementor-element-ba1aa8d elementor-widget elementor-widget-image\" data-id=\"ba1aa8d\" data-element_type=\"widget\" data-e-type=\"widget\" data-widget_type=\"image.default\">\n\t\t\t\t<div class=\"elementor-widget-container\">\n\t\t\t\t\t\t\t\t\t\t\t\t\t\t\t<img loading=\"lazy\" decoding=\"async\" width=\"245\" height=\"90\" src=\"https:\/\/grandesorgues.ch\/wp-content\/uploads\/2024\/12\/partenaire_lausanne-estivale.png\" class=\"attachment-large size-large wp-image-4696\" alt=\"\" srcset=\"https:\/\/grandesorgues.ch\/wp-content\/uploads\/2024\/12\/partenaire_lausanne-estivale.png 245w, https:\/\/grandesorgues.ch\/wp-content\/uploads\/2024\/12\/partenaire_lausanne-estivale-18x7.png 18w\" sizes=\"(max-width: 245px) 100vw, 245px\" \/>\t\t\t\t\t\t\t\t\t\t\t\t\t\t\t<\/div>\n\t\t\t\t<\/div>\n\t\t\t\t<\/div>\n\t\t<div class=\"elementor-element elementor-element-f9dcaca e-con-full e-flex e-con e-child\" data-id=\"f9dcaca\" data-element_type=\"container\" data-e-type=\"container\">\n\t\t\t\t<div class=\"elementor-element elementor-element-8ead8e2 elementor-widget elementor-widget-image\" data-id=\"8ead8e2\" data-element_type=\"widget\" data-e-type=\"widget\" data-widget_type=\"image.default\">\n\t\t\t\t<div class=\"elementor-widget-container\">\n\t\t\t\t\t\t\t\t\t\t\t\t\t\t\t<img loading=\"lazy\" decoding=\"async\" width=\"245\" height=\"90\" src=\"https:\/\/grandesorgues.ch\/wp-content\/uploads\/2024\/12\/partenaire_bcv.png\" class=\"attachment-large size-large wp-image-4697\" alt=\"\" srcset=\"https:\/\/grandesorgues.ch\/wp-content\/uploads\/2024\/12\/partenaire_bcv.png 245w, https:\/\/grandesorgues.ch\/wp-content\/uploads\/2024\/12\/partenaire_bcv-18x7.png 18w\" sizes=\"(max-width: 245px) 100vw, 245px\" \/>\t\t\t\t\t\t\t\t\t\t\t\t\t\t\t<\/div>\n\t\t\t\t<\/div>\n\t\t\t\t<\/div>\n\t\t\t\t<\/div>\n\t\t\t\t\t<\/div>\n\t\t<\/div>\n\t\t\t\t\t\t<\/div>\n\t\t\t\t<\/div>\n\t\t\t\t<\/div>\n\t\t\t\t<\/div>\n\t\t","protected":false},"excerpt":{"rendered":"<p>Presentation Committee Sponsors Founded in 1932, the Soci\u00e9t\u00e9 des Concerts de la Cath\u00e9drale de Lausanne brings together all those who wish to develop the musical life of the Cathedral around the organ. The Society welcomes organists, instrumental ensembles, choirs and soloists from all walks of life. The Soci\u00e9t\u00e9 des Concerts hopes to benefit from the [&hellip;]<\/p>\n","protected":false},"author":2,"featured_media":0,"parent":0,"menu_order":0,"comment_status":"closed","ping_status":"closed","template":"","meta":{"footnotes":""},"class_list":["post-5893","page","type-page","status-publish","hentry"],"yoast_head":"<!-- This site is optimized with the Yoast SEO plugin v27.5 - https:\/\/yoast.com\/product\/yoast-seo-wordpress\/ -->\n<title>The SCCL - Les Grandes ORGUES<\/title>\n<meta name=\"robots\" content=\"index, follow, max-snippet:-1, max-image-preview:large, max-video-preview:-1\" \/>\n<link rel=\"canonical\" href=\"https:\/\/grandesorgues.ch\/?page_id=5893&lang=en\" \/>\n<meta property=\"og:locale\" content=\"fr_FR\" \/>\n<meta property=\"og:type\" content=\"article\" \/>\n<meta property=\"og:title\" content=\"The SCCL - Les Grandes ORGUES\" \/>\n<meta property=\"og:description\" content=\"Presentation Committee Sponsors Founded in 1932, the Soci\u00e9t\u00e9 des Concerts de la Cath\u00e9drale de Lausanne brings together all those who wish to develop the musical life of the Cathedral around the organ. The Society welcomes organists, instrumental ensembles, choirs and soloists from all walks of life. The Soci\u00e9t\u00e9 des Concerts hopes to benefit from the [&hellip;]\" \/>\n<meta property=\"og:url\" content=\"https:\/\/grandesorgues.ch\/?page_id=5893&amp;lang=en\" \/>\n<meta property=\"og:site_name\" content=\"Les Grandes ORGUES\" \/>\n<meta property=\"article:publisher\" content=\"https:\/\/www.facebook.com\/profile.php?id=61561652917667\" \/>\n<meta property=\"article:modified_time\" content=\"2025-03-26T16:14:36+00:00\" \/>\n<meta property=\"og:image\" content=\"https:\/\/grandesorgues.ch\/wp-content\/uploads\/2024\/12\/partenaire_lausanne.png\" \/>\n<meta name=\"twitter:card\" content=\"summary_large_image\" \/>\n<meta name=\"twitter:label1\" content=\"Dur\u00e9e de lecture estim\u00e9e\" \/>\n\t<meta name=\"twitter:data1\" content=\"1 minute\" \/>\n<script type=\"application\/ld+json\" class=\"yoast-schema-graph\">{\"@context\":\"https:\\\/\\\/schema.org\",\"@graph\":[{\"@type\":\"WebPage\",\"@id\":\"https:\\\/\\\/grandesorgues.ch\\\/?page_id=5893&lang=en\",\"url\":\"https:\\\/\\\/grandesorgues.ch\\\/?page_id=5893&lang=en\",\"name\":\"The SCCL - Les Grandes ORGUES\",\"isPartOf\":{\"@id\":\"https:\\\/\\\/grandesorgues.ch\\\/#website\"},\"primaryImageOfPage\":{\"@id\":\"https:\\\/\\\/grandesorgues.ch\\\/?page_id=5893&lang=en#primaryimage\"},\"image\":{\"@id\":\"https:\\\/\\\/grandesorgues.ch\\\/?page_id=5893&lang=en#primaryimage\"},\"thumbnailUrl\":\"https:\\\/\\\/grandesorgues.ch\\\/wp-content\\\/uploads\\\/2024\\\/12\\\/partenaire_lausanne.png\",\"datePublished\":\"2025-02-25T09:27:22+00:00\",\"dateModified\":\"2025-03-26T16:14:36+00:00\",\"breadcrumb\":{\"@id\":\"https:\\\/\\\/grandesorgues.ch\\\/?page_id=5893&lang=en#breadcrumb\"},\"inLanguage\":\"fr-FR\",\"potentialAction\":[{\"@type\":\"ReadAction\",\"target\":[\"https:\\\/\\\/grandesorgues.ch\\\/?page_id=5893&lang=en\"]}]},{\"@type\":\"ImageObject\",\"inLanguage\":\"fr-FR\",\"@id\":\"https:\\\/\\\/grandesorgues.ch\\\/?page_id=5893&lang=en#primaryimage\",\"url\":\"https:\\\/\\\/grandesorgues.ch\\\/wp-content\\\/uploads\\\/2024\\\/12\\\/partenaire_lausanne.png\",\"contentUrl\":\"https:\\\/\\\/grandesorgues.ch\\\/wp-content\\\/uploads\\\/2024\\\/12\\\/partenaire_lausanne.png\",\"width\":245,\"height\":90},{\"@type\":\"BreadcrumbList\",\"@id\":\"https:\\\/\\\/grandesorgues.ch\\\/?page_id=5893&lang=en#breadcrumb\",\"itemListElement\":[{\"@type\":\"ListItem\",\"position\":1,\"name\":\"Accueil\",\"item\":\"https:\\\/\\\/grandesorgues.ch\\\/\"},{\"@type\":\"ListItem\",\"position\":2,\"name\":\"The SCCL\"}]},{\"@type\":\"WebSite\",\"@id\":\"https:\\\/\\\/grandesorgues.ch\\\/#website\",\"url\":\"https:\\\/\\\/grandesorgues.ch\\\/\",\"name\":\"Les Grandes ORGUES\",\"description\":\"\",\"publisher\":{\"@id\":\"https:\\\/\\\/grandesorgues.ch\\\/#organization\"},\"potentialAction\":[{\"@type\":\"SearchAction\",\"target\":{\"@type\":\"EntryPoint\",\"urlTemplate\":\"https:\\\/\\\/grandesorgues.ch\\\/?s={search_term_string}\"},\"query-input\":{\"@type\":\"PropertyValueSpecification\",\"valueRequired\":true,\"valueName\":\"search_term_string\"}}],\"inLanguage\":\"fr-FR\"},{\"@type\":\"Organization\",\"@id\":\"https:\\\/\\\/grandesorgues.ch\\\/#organization\",\"name\":\"Les Grandes ORGUES\",\"url\":\"https:\\\/\\\/grandesorgues.ch\\\/\",\"logo\":{\"@type\":\"ImageObject\",\"inLanguage\":\"fr-FR\",\"@id\":\"https:\\\/\\\/grandesorgues.ch\\\/#\\\/schema\\\/logo\\\/image\\\/\",\"url\":\"https:\\\/\\\/grandesorgues.ch\\\/wp-content\\\/uploads\\\/2023\\\/08\\\/cropped-logo-CDL.png\",\"contentUrl\":\"https:\\\/\\\/grandesorgues.ch\\\/wp-content\\\/uploads\\\/2023\\\/08\\\/cropped-logo-CDL.png\",\"width\":512,\"height\":512,\"caption\":\"Les Grandes ORGUES\"},\"image\":{\"@id\":\"https:\\\/\\\/grandesorgues.ch\\\/#\\\/schema\\\/logo\\\/image\\\/\"},\"sameAs\":[\"https:\\\/\\\/www.facebook.com\\\/profile.php?id=61561652917667\"]}]}<\/script>\n<!-- \/ Yoast SEO plugin. -->","yoast_head_json":{"title":"The SCCL - Les Grandes ORGUES","robots":{"index":"index","follow":"follow","max-snippet":"max-snippet:-1","max-image-preview":"max-image-preview:large","max-video-preview":"max-video-preview:-1"},"canonical":"https:\/\/grandesorgues.ch\/?page_id=5893&lang=en","og_locale":"fr_FR","og_type":"article","og_title":"The SCCL - Les Grandes ORGUES","og_description":"Presentation Committee Sponsors Founded in 1932, the Soci\u00e9t\u00e9 des Concerts de la Cath\u00e9drale de Lausanne brings together all those who wish to develop the musical life of the Cathedral around the organ. The Society welcomes organists, instrumental ensembles, choirs and soloists from all walks of life. The Soci\u00e9t\u00e9 des Concerts hopes to benefit from the [&hellip;]","og_url":"https:\/\/grandesorgues.ch\/?page_id=5893&lang=en","og_site_name":"Les Grandes ORGUES","article_publisher":"https:\/\/www.facebook.com\/profile.php?id=61561652917667","article_modified_time":"2025-03-26T16:14:36+00:00","og_image":[{"url":"https:\/\/grandesorgues.ch\/wp-content\/uploads\/2024\/12\/partenaire_lausanne.png","type":"","width":"","height":""}],"twitter_card":"summary_large_image","twitter_misc":{"Dur\u00e9e de lecture estim\u00e9e":"1 minute"},"schema":{"@context":"https:\/\/schema.org","@graph":[{"@type":"WebPage","@id":"https:\/\/grandesorgues.ch\/?page_id=5893&lang=en","url":"https:\/\/grandesorgues.ch\/?page_id=5893&lang=en","name":"The SCCL - Les Grandes ORGUES","isPartOf":{"@id":"https:\/\/grandesorgues.ch\/#website"},"primaryImageOfPage":{"@id":"https:\/\/grandesorgues.ch\/?page_id=5893&lang=en#primaryimage"},"image":{"@id":"https:\/\/grandesorgues.ch\/?page_id=5893&lang=en#primaryimage"},"thumbnailUrl":"https:\/\/grandesorgues.ch\/wp-content\/uploads\/2024\/12\/partenaire_lausanne.png","datePublished":"2025-02-25T09:27:22+00:00","dateModified":"2025-03-26T16:14:36+00:00","breadcrumb":{"@id":"https:\/\/grandesorgues.ch\/?page_id=5893&lang=en#breadcrumb"},"inLanguage":"fr-FR","potentialAction":[{"@type":"ReadAction","target":["https:\/\/grandesorgues.ch\/?page_id=5893&lang=en"]}]},{"@type":"ImageObject","inLanguage":"fr-FR","@id":"https:\/\/grandesorgues.ch\/?page_id=5893&lang=en#primaryimage","url":"https:\/\/grandesorgues.ch\/wp-content\/uploads\/2024\/12\/partenaire_lausanne.png","contentUrl":"https:\/\/grandesorgues.ch\/wp-content\/uploads\/2024\/12\/partenaire_lausanne.png","width":245,"height":90},{"@type":"BreadcrumbList","@id":"https:\/\/grandesorgues.ch\/?page_id=5893&lang=en#breadcrumb","itemListElement":[{"@type":"ListItem","position":1,"name":"Accueil","item":"https:\/\/grandesorgues.ch\/"},{"@type":"ListItem","position":2,"name":"The SCCL"}]},{"@type":"WebSite","@id":"https:\/\/grandesorgues.ch\/#website","url":"https:\/\/grandesorgues.ch\/","name":"Les Grandes ORGUES","description":"","publisher":{"@id":"https:\/\/grandesorgues.ch\/#organization"},"potentialAction":[{"@type":"SearchAction","target":{"@type":"EntryPoint","urlTemplate":"https:\/\/grandesorgues.ch\/?s={search_term_string}"},"query-input":{"@type":"PropertyValueSpecification","valueRequired":true,"valueName":"search_term_string"}}],"inLanguage":"fr-FR"},{"@type":"Organization","@id":"https:\/\/grandesorgues.ch\/#organization","name":"Les Grandes ORGUES","url":"https:\/\/grandesorgues.ch\/","logo":{"@type":"ImageObject","inLanguage":"fr-FR","@id":"https:\/\/grandesorgues.ch\/#\/schema\/logo\/image\/","url":"https:\/\/grandesorgues.ch\/wp-content\/uploads\/2023\/08\/cropped-logo-CDL.png","contentUrl":"https:\/\/grandesorgues.ch\/wp-content\/uploads\/2023\/08\/cropped-logo-CDL.png","width":512,"height":512,"caption":"Les Grandes ORGUES"},"image":{"@id":"https:\/\/grandesorgues.ch\/#\/schema\/logo\/image\/"},"sameAs":["https:\/\/www.facebook.com\/profile.php?id=61561652917667"]}]}},"_links":{"self":[{"href":"https:\/\/grandesorgues.ch\/index.php?rest_route=\/wp\/v2\/pages\/5893","targetHints":{"allow":["GET"]}}],"collection":[{"href":"https:\/\/grandesorgues.ch\/index.php?rest_route=\/wp\/v2\/pages"}],"about":[{"href":"https:\/\/grandesorgues.ch\/index.php?rest_route=\/wp\/v2\/types\/page"}],"author":[{"embeddable":true,"href":"https:\/\/grandesorgues.ch\/index.php?rest_route=\/wp\/v2\/users\/2"}],"replies":[{"embeddable":true,"href":"https:\/\/grandesorgues.ch\/index.php?rest_route=%2Fwp%2Fv2%2Fcomments&post=5893"}],"version-history":[{"count":12,"href":"https:\/\/grandesorgues.ch\/index.php?rest_route=\/wp\/v2\/pages\/5893\/revisions"}],"predecessor-version":[{"id":6540,"href":"https:\/\/grandesorgues.ch\/index.php?rest_route=\/wp\/v2\/pages\/5893\/revisions\/6540"}],"wp:attachment":[{"href":"https:\/\/grandesorgues.ch\/index.php?rest_route=%2Fwp%2Fv2%2Fmedia&parent=5893"}],"curies":[{"name":"wp","href":"https:\/\/api.w.org\/{rel}","templated":true}]}}